{"id":35576,"date":"2025-10-17T14:24:33","date_gmt":"2025-10-17T11:24:33","guid":{"rendered":"https:\/\/farwell.ee\/?post_type=product&#038;p=35576"},"modified":"2025-10-21T09:42:28","modified_gmt":"2025-10-21T06:42:28","slug":"elektripliit-8kw-4-keeduplaadiga-laius-700mm-zanussi","status":"publish","type":"product","link":"https:\/\/farwell.ee\/ru\/product\/elektripliit-8kw-4-keeduplaadiga-laius-700mm-zanussi\/","title":{"rendered":"Elektripliit 8kW 4-keeduplaadiga, laius 700mm Zanussi"},"content":{"rendered":"","protected":false},"excerpt":{"rendered":"<p><strong>*hinnale lisandub k\u00e4ibemaks<\/strong><\/p>\n<p>T\u00e4ielikult roostevabast terasest konstruktsioon. \u00dcmarad servad ja tagumine pritsmekaitse.<\/p>\n<p>T\u00f6\u00f6pind on pressitud ja t\u00e4ielikult tihendatud, et v\u00e4ltida toidu sattumist vahedesse.<\/p>\n<p>Malmkuumutusplaadid kiire kuumenemisega, t\u00f6\u00f6pinna k\u00fclge tihendatud.<\/p>\n<p>Temperatuuripiiraja ja 7-astmeline temperatuuri reguleerimine.<\/p>\n<p>V\u00f5ta \u00fchendust:\u00a0<a href=\"mailto:marko@farwell.ee\">marko@farwell.ee<\/a>\u00a0;\u00a0<a href=\"mailto:leho@farwell.ee\">leho@farwell.ee<\/a><\/p>","protected":false},"featured_media":35577,"template":"","meta":{"_acf_changed":false,"inline_featured_image":false},"product_brand":[],"product_cat":[8608],"product_tag":[],"class_list":{"0":"post-35576","1":"product","2":"type-product","3":"status-publish","4":"has-post-thumbnail","6":"product_cat-uued-koogiseadmed","8":"first","9":"outofstock","10":"shipping-taxable","11":"product-type-simple"},"acf":[],"_links":{"self":[{"href":"https:\/\/farwell.ee\/ru\/wp-json\/wp\/v2\/product\/35576","targetHints":{"allow":["GET"]}}],"collection":[{"href":"https:\/\/farwell.ee\/ru\/wp-json\/wp\/v2\/product"}],"about":[{"href":"https:\/\/farwell.ee\/ru\/wp-json\/wp\/v2\/types\/product"}],"wp:featuredmedia":[{"embeddable":true,"href":"https:\/\/farwell.ee\/ru\/wp-json\/wp\/v2\/media\/35577"}],"wp:attachment":[{"href":"https:\/\/farwell.ee\/ru\/wp-json\/wp\/v2\/media?parent=35576"}],"wp:term":[{"taxonomy":"product_brand","embeddable":true,"href":"https:\/\/farwell.ee\/ru\/wp-json\/wp\/v2\/product_brand?post=35576"},{"taxonomy":"product_cat","embeddable":true,"href":"https:\/\/farwell.ee\/ru\/wp-json\/wp\/v2\/product_cat?post=35576"},{"taxonomy":"product_tag","embeddable":true,"href":"https:\/\/farwell.ee\/ru\/wp-json\/wp\/v2\/product_tag?post=35576"}],"curies":[{"name":"wp","href":"https:\/\/api.w.org\/{rel}","templated":true}]}}