{"id":35569,"date":"2025-10-17T12:17:16","date_gmt":"2025-10-17T09:17:16","guid":{"rendered":"https:\/\/farwell.ee\/?post_type=product&#038;p=35569"},"modified":"2025-10-17T14:14:32","modified_gmt":"2025-10-17T11:14:32","slug":"jalaga-juhitav-valamu-prugikapiga","status":"publish","type":"product","link":"https:\/\/farwell.ee\/ru\/product\/jalaga-juhitav-valamu-prugikapiga\/","title":{"rendered":"Jalaga juhitav valamu pr\u00fcgikapiga"},"content":{"rendered":"","protected":false},"excerpt":{"rendered":"<p><strong>*hinnale lisandub k\u00e4ibemaks<\/strong><\/p>\n<p>Valmistatud 304 AISI roostevabast terasest. Integreeritud \u00fcmardatud tagaservaga pritsmekaitse.<\/p>\n<p>Roostevabast terasest jalapedaal. Pr\u00fcgikapp hingedega ukse ja k\u00e4epidemega, sisaldab pr\u00fcgikoti tugiraami.<\/p>\n<p>Valamu m\u00f5\u00f5tmetega 340 \u00d7 365 \u00d7 155 mm, segisti tila ja \u00e4ravooluavaga.<\/p>","protected":false},"featured_media":35575,"template":"","meta":{"_acf_changed":false,"inline_featured_image":false},"product_brand":[],"product_cat":[8608],"product_tag":[],"class_list":{"0":"post-35569","1":"product","2":"type-product","3":"status-publish","4":"has-post-thumbnail","6":"product_cat-uued-koogiseadmed","8":"first","9":"outofstock","10":"shipping-taxable","11":"purchasable","12":"product-type-simple"},"acf":[],"_links":{"self":[{"href":"https:\/\/farwell.ee\/ru\/wp-json\/wp\/v2\/product\/35569","targetHints":{"allow":["GET"]}}],"collection":[{"href":"https:\/\/farwell.ee\/ru\/wp-json\/wp\/v2\/product"}],"about":[{"href":"https:\/\/farwell.ee\/ru\/wp-json\/wp\/v2\/types\/product"}],"wp:featuredmedia":[{"embeddable":true,"href":"https:\/\/farwell.ee\/ru\/wp-json\/wp\/v2\/media\/35575"}],"wp:attachment":[{"href":"https:\/\/farwell.ee\/ru\/wp-json\/wp\/v2\/media?parent=35569"}],"wp:term":[{"taxonomy":"product_brand","embeddable":true,"href":"https:\/\/farwell.ee\/ru\/wp-json\/wp\/v2\/product_brand?post=35569"},{"taxonomy":"product_cat","embeddable":true,"href":"https:\/\/farwell.ee\/ru\/wp-json\/wp\/v2\/product_cat?post=35569"},{"taxonomy":"product_tag","embeddable":true,"href":"https:\/\/farwell.ee\/ru\/wp-json\/wp\/v2\/product_tag?post=35569"}],"curies":[{"name":"wp","href":"https:\/\/api.w.org\/{rel}","templated":true}]}}