{"id":35529,"date":"2025-10-15T12:45:04","date_gmt":"2025-10-15T09:45:04","guid":{"rendered":"https:\/\/farwell.ee\/toode\/seljakott-752l-isoleeritud-41x41x49cm\/"},"modified":"2025-10-15T14:15:04","modified_gmt":"2025-10-15T11:15:04","slug":"seljakott-752l-isoleeritud-41x41x49cm","status":"publish","type":"product","link":"https:\/\/farwell.ee\/ru\/product\/seljakott-752l-isoleeritud-41x41x49cm\/","title":{"rendered":"Seljakott 75,2L isoleeritud, 41x41x49cm"},"content":{"rendered":"","protected":false},"excerpt":{"rendered":"<div class=\"richContent-root-Ykt\">\n<div>\n<div>Soovitatav kasutamiseks pizzeriates tellimuste transportimisel.<br \/>\nSuured, reguleeritavad, polsterdatud \u00f5larihmad.<br \/>\nPolsterdatud seljapaneel seljal mugavuse tagamiseks.<br \/>\nReguleeritav v\u00f6\u00f6koharihm lisab stabiilsust.<br \/>\nSuured, polsterdatud kandek\u00e4epidemed.<br \/>\nKergekaaluline.<br \/>\nVeekindel t\u00e4nu vastupidavale 600D pol\u00fcestrile.<br \/>\nKolmekihilised seinad.<br \/>\nKaks isolatsioonikihti: PE-vaht ja alumiiniumfoolium<br \/>\nReguleeritava Velcro riiuliga suur sektsioon<br \/>\nSeljakoti \u00fche k\u00fclje saab avada t\u00f5mblukuga, et sellele oleks lihtne ligi p\u00e4\u00e4seda.<br \/>\nL\u00e4bipaistev tasku kviitungite jaoks.<br \/>\nV\u00e4ljaspoolt paigaldatud helkurribad t\u00e4iendava ohutuse tagamiseks.<\/div>\n<\/div>\n<\/div>\n<div class=\"richContent-root-Ykt\"><\/div>","protected":false},"featured_media":35525,"template":"","meta":{"_acf_changed":false,"inline_featured_image":false},"product_brand":[],"product_cat":[5879],"product_tag":[12093,12091],"class_list":{"0":"post-35529","1":"product","2":"type-product","3":"status-publish","4":"has-post-thumbnail","6":"product_cat-termokotid-sailitus-transport","7":"product_tag-termokott","8":"product_tag-transpordikott-toidule","9":"pa_kaubamark-hendi","11":"first","12":"outofstock","13":"shipping-taxable","14":"purchasable","15":"product-type-simple"},"acf":[],"_links":{"self":[{"href":"https:\/\/farwell.ee\/ru\/wp-json\/wp\/v2\/product\/35529","targetHints":{"allow":["GET"]}}],"collection":[{"href":"https:\/\/farwell.ee\/ru\/wp-json\/wp\/v2\/product"}],"about":[{"href":"https:\/\/farwell.ee\/ru\/wp-json\/wp\/v2\/types\/product"}],"wp:featuredmedia":[{"embeddable":true,"href":"https:\/\/farwell.ee\/ru\/wp-json\/wp\/v2\/media\/35525"}],"wp:attachment":[{"href":"https:\/\/farwell.ee\/ru\/wp-json\/wp\/v2\/media?parent=35529"}],"wp:term":[{"taxonomy":"product_brand","embeddable":true,"href":"https:\/\/farwell.ee\/ru\/wp-json\/wp\/v2\/product_brand?post=35529"},{"taxonomy":"product_cat","embeddable":true,"href":"https:\/\/farwell.ee\/ru\/wp-json\/wp\/v2\/product_cat?post=35529"},{"taxonomy":"product_tag","embeddable":true,"href":"https:\/\/farwell.ee\/ru\/wp-json\/wp\/v2\/product_tag?post=35529"}],"curies":[{"name":"wp","href":"https:\/\/api.w.org\/{rel}","templated":true}]}}