{"id":35417,"date":"2025-10-09T08:45:06","date_gmt":"2025-10-09T05:45:06","guid":{"rendered":"https:\/\/farwell.ee\/toode\/roster-4-le-viilule-voimsus-15kw\/"},"modified":"2026-03-13T09:30:04","modified_gmt":"2026-03-13T07:30:04","slug":"roster-4-le-viilule-voimsus-15kw","status":"publish","type":"product","link":"https:\/\/farwell.ee\/ru\/product\/roster-4-le-viilule-voimsus-15kw\/","title":{"rendered":"R\u00f6ster 4-le viilule, v\u00f5imsus 1,5kW"},"content":{"rendered":"","protected":false},"excerpt":{"rendered":"<p><span dir=\"auto\">Korpus on valmistatud roostevabast terasest, satiinviimistlusega ja l\u00e4ikiv.<\/span><br \/>\n<span dir=\"auto\">Nupud on valmistatud ABS-ist, nupud ja pedaalid PP-st (pol\u00fcprop\u00fcleenist).<\/span><br \/>\n<span dir=\"auto\">4 eriti laia r\u00f6stimisava, 2 kuumutustsooni (2 ava igas), 2 eemaldatavat purualust.<\/span><br \/>\n<span dir=\"auto\">K\u00f5rgele t\u00f5stetav hoob r\u00f6stsaiade vaevata eemaldamiseks.<\/span><br \/>\n<span dir=\"auto\">Mahutab korraga 4 viilu.<\/span><br \/>\n<span dir=\"auto\">7 r\u00f6stimistaset, mida saab nuppudega reguleerida \u2013 iga kuumutustsooni saab erinevalt seadistada.<\/span><br \/>\n<span dir=\"auto\">3 eelseadistatud programmi: r\u00f6stimine, sulatamine, \u00fclessoojendamine.<\/span><br \/>\n<span dir=\"auto\">3 funktsiooninuppu iga kuumutustsooni jaoks: sulatamine, \u00fclessoojendamine, v\u00e4ljastamine\/t\u00fchistamine.<\/span><\/p>","protected":false},"featured_media":36397,"template":"","meta":{"_acf_changed":false,"inline_featured_image":false},"product_brand":[],"product_cat":[12396],"product_tag":[],"class_list":{"0":"post-35417","1":"product","2":"type-product","3":"status-publish","4":"has-post-thumbnail","6":"product_cat-rosterid","7":"pa_kaubamark-hendi","9":"first","10":"outofstock","11":"shipping-taxable","12":"purchasable","13":"product-type-simple"},"acf":[],"_links":{"self":[{"href":"https:\/\/farwell.ee\/ru\/wp-json\/wp\/v2\/product\/35417","targetHints":{"allow":["GET"]}}],"collection":[{"href":"https:\/\/farwell.ee\/ru\/wp-json\/wp\/v2\/product"}],"about":[{"href":"https:\/\/farwell.ee\/ru\/wp-json\/wp\/v2\/types\/product"}],"wp:featuredmedia":[{"embeddable":true,"href":"https:\/\/farwell.ee\/ru\/wp-json\/wp\/v2\/media\/36397"}],"wp:attachment":[{"href":"https:\/\/farwell.ee\/ru\/wp-json\/wp\/v2\/media?parent=35417"}],"wp:term":[{"taxonomy":"product_brand","embeddable":true,"href":"https:\/\/farwell.ee\/ru\/wp-json\/wp\/v2\/product_brand?post=35417"},{"taxonomy":"product_cat","embeddable":true,"href":"https:\/\/farwell.ee\/ru\/wp-json\/wp\/v2\/product_cat?post=35417"},{"taxonomy":"product_tag","embeddable":true,"href":"https:\/\/farwell.ee\/ru\/wp-json\/wp\/v2\/product_tag?post=35417"}],"curies":[{"name":"wp","href":"https:\/\/api.w.org\/{rel}","templated":true}]}}