{"id":35396,"date":"2025-10-08T09:30:04","date_gmt":"2025-10-08T06:30:04","guid":{"rendered":"https:\/\/farwell.ee\/toode\/kandik-38x515cm-tugevdatud-servadega\/"},"modified":"2026-01-16T12:30:07","modified_gmt":"2026-01-16T10:30:07","slug":"kandik-38x515cm-tugevdatud-servadega","status":"publish","type":"product","link":"https:\/\/farwell.ee\/ru\/product\/kandik-38x515cm-tugevdatud-servadega\/","title":{"rendered":"Kandik 38&#215;51,5cm tugevdatud servadega"},"content":{"rendered":"","protected":false},"excerpt":{"rendered":"<p>Versa Tray k\u00f5rgj\u00f5udlusega pol\u00fcesterkandikud on kerged, intensiivselt masinpestavad, kannatavad kemikaale ja kuivavad ka virnastatult.<br \/>\nKandikute temperatuuritaluvus on -40\u00b0C kuni +140\u00b0C ja nende servad on tugevdatud.<br \/>\nK\u00f5rge servaprofiiliga kandik.<br \/>\nViieaastane garantii deformeerumise ja purunemise vastu.<\/p>","protected":false},"featured_media":35401,"template":"","meta":{"_acf_changed":false,"inline_featured_image":false},"product_brand":[],"product_cat":[127],"product_tag":[],"class_list":{"0":"post-35396","1":"product","2":"type-product","3":"status-publish","4":"has-post-thumbnail","6":"product_cat-kandikud","7":"pa_kaubamark-cambro","9":"first","10":"outofstock","11":"shipping-taxable","12":"purchasable","13":"product-type-simple"},"acf":[],"_links":{"self":[{"href":"https:\/\/farwell.ee\/ru\/wp-json\/wp\/v2\/product\/35396","targetHints":{"allow":["GET"]}}],"collection":[{"href":"https:\/\/farwell.ee\/ru\/wp-json\/wp\/v2\/product"}],"about":[{"href":"https:\/\/farwell.ee\/ru\/wp-json\/wp\/v2\/types\/product"}],"wp:featuredmedia":[{"embeddable":true,"href":"https:\/\/farwell.ee\/ru\/wp-json\/wp\/v2\/media\/35401"}],"wp:attachment":[{"href":"https:\/\/farwell.ee\/ru\/wp-json\/wp\/v2\/media?parent=35396"}],"wp:term":[{"taxonomy":"product_brand","embeddable":true,"href":"https:\/\/farwell.ee\/ru\/wp-json\/wp\/v2\/product_brand?post=35396"},{"taxonomy":"product_cat","embeddable":true,"href":"https:\/\/farwell.ee\/ru\/wp-json\/wp\/v2\/product_cat?post=35396"},{"taxonomy":"product_tag","embeddable":true,"href":"https:\/\/farwell.ee\/ru\/wp-json\/wp\/v2\/product_tag?post=35396"}],"curies":[{"name":"wp","href":"https:\/\/api.w.org\/{rel}","templated":true}]}}