{"id":35245,"date":"2025-09-16T08:15:04","date_gmt":"2025-09-16T05:15:04","guid":{"rendered":"https:\/\/farwell.ee\/toode\/soojaplaat-gn-1-1-gobox-termokastidele-ja-termokappidele\/"},"modified":"2026-01-16T12:30:05","modified_gmt":"2026-01-16T10:30:05","slug":"soojaplaat-gn-1-1-gobox-termokastidele-ja-termokappidele","status":"publish","type":"product","link":"https:\/\/farwell.ee\/ru\/product\/soojaplaat-gn-1-1-gobox-termokastidele-ja-termokappidele\/","title":{"rendered":"Soojaplaat GN 1\/1 GoBox termokastidele ja termokappidele"},"content":{"rendered":"","protected":false},"excerpt":{"rendered":"<p>Camwarmer\u00ae \u2013 soojaplaat on m\u00f5eldud toidu soojashoidmise aja pikendamiseks.<br \/>\nAsetage see 40 minutiks kuumaveevanni ja asetage seej\u00e4rel termokasti v\u00f5i termokapi p\u00f5hja.<br \/>\nSobib j\u00e4rgmistesse termokastidesse ja -kappidesse: EPP140, EPP160, EPP160CL, EPP180, EPP180CL, EPP180LH, EPP300 ja EPP400.<\/p>\n<p>&nbsp;<\/p>","protected":false},"featured_media":35249,"template":"","meta":{"_acf_changed":false,"inline_featured_image":false},"product_brand":[],"product_cat":[5554],"product_tag":[],"class_list":{"0":"post-35245","1":"product","2":"type-product","3":"status-publish","4":"has-post-thumbnail","6":"product_cat-termokastid-ja-termokapid","7":"pa_kaubamark-cambro","9":"first","10":"instock","11":"shipping-taxable","12":"purchasable","13":"product-type-simple"},"acf":[],"_links":{"self":[{"href":"https:\/\/farwell.ee\/ru\/wp-json\/wp\/v2\/product\/35245","targetHints":{"allow":["GET"]}}],"collection":[{"href":"https:\/\/farwell.ee\/ru\/wp-json\/wp\/v2\/product"}],"about":[{"href":"https:\/\/farwell.ee\/ru\/wp-json\/wp\/v2\/types\/product"}],"wp:featuredmedia":[{"embeddable":true,"href":"https:\/\/farwell.ee\/ru\/wp-json\/wp\/v2\/media\/35249"}],"wp:attachment":[{"href":"https:\/\/farwell.ee\/ru\/wp-json\/wp\/v2\/media?parent=35245"}],"wp:term":[{"taxonomy":"product_brand","embeddable":true,"href":"https:\/\/farwell.ee\/ru\/wp-json\/wp\/v2\/product_brand?post=35245"},{"taxonomy":"product_cat","embeddable":true,"href":"https:\/\/farwell.ee\/ru\/wp-json\/wp\/v2\/product_cat?post=35245"},{"taxonomy":"product_tag","embeddable":true,"href":"https:\/\/farwell.ee\/ru\/wp-json\/wp\/v2\/product_tag?post=35245"}],"curies":[{"name":"wp","href":"https:\/\/api.w.org\/{rel}","templated":true}]}}