{"id":35243,"date":"2025-09-16T08:00:04","date_gmt":"2025-09-16T05:00:04","guid":{"rendered":"https:\/\/farwell.ee\/toode\/jaatisemasin-2l-voimsus-180w\/"},"modified":"2026-01-09T10:45:09","modified_gmt":"2026-01-09T08:45:09","slug":"jaatisemasin-2l-voimsus-180w","status":"publish","type":"product","link":"https:\/\/farwell.ee\/ru\/product\/jaatisemasin-2l-voimsus-180w\/","title":{"rendered":"J\u00e4\u00e4tisemasin 2L, v\u00f5imsus 180W"},"content":{"rendered":"","protected":false},"excerpt":{"rendered":"<p>Kambriga t\u00e4isautomaatne j\u00e4\u00e4tisemasin, j\u00e4\u00e4tise, sorbettide v\u00f5i k\u00fclmutatud jogurti valmistamiseks.<br \/>\nSisseehitatud kompressor, \u00f5hkjahutusega.<br \/>\nKoostisainete eelnev jahutamine ei ole n\u00f5utav.<br \/>\nTemperatuurivahemik:\u00a0 \u201310\u00b0C kuni \u201335\u00b0C<br \/>\nTemperatuuri hoidmise funktsioon 2 tunni v\u00e4ltel p\u00e4rast seadme t\u00f6\u00f6 l\u00f5petamist.<br \/>\nSuur valgustatud digitaalne ekraan, mis kuvab k\u00fclmutamise temperatuuri ja segaja liikumise andmeid.<br \/>\nPol\u00fcprop\u00fcleenist segajat on lihtne paigaldada.<br \/>\nL\u00e4bipaistev pol\u00fckarbonaadist kaas &#8211; Twist-lock t\u00fc\u00fcpi lukustusega.<\/p>\n<p>V\u00e4lism\u00f5\u00f5dud: 285 x 340 x 357mm<br \/>\nMaht: 2 liitrit (roostevabast terasest anum)<br \/>\nV\u00f5imsus: 180 W<br \/>\nPinge: 230 V \/ 50 Hz<br \/>\nK\u00fclmaaine: R600a<br \/>\nKaal: 12,3 kg<br \/>\nTemperatuurivahemik: \u201310 \u00b0C kuni \u201335 \u00b0C<br \/>\nValmistamisaeg: u. 90 minutit<\/p>","protected":false},"featured_media":35251,"template":"","meta":{"_acf_changed":false,"inline_featured_image":false},"product_brand":[],"product_cat":[5776],"product_tag":[],"class_list":{"0":"post-35243","1":"product","2":"type-product","3":"status-publish","4":"has-post-thumbnail","6":"product_cat-muud-vaikeseadmed","7":"pa_kaubamark-hendi","9":"first","10":"instock","11":"shipping-taxable","12":"purchasable","13":"product-type-simple"},"acf":[],"_links":{"self":[{"href":"https:\/\/farwell.ee\/ru\/wp-json\/wp\/v2\/product\/35243","targetHints":{"allow":["GET"]}}],"collection":[{"href":"https:\/\/farwell.ee\/ru\/wp-json\/wp\/v2\/product"}],"about":[{"href":"https:\/\/farwell.ee\/ru\/wp-json\/wp\/v2\/types\/product"}],"wp:featuredmedia":[{"embeddable":true,"href":"https:\/\/farwell.ee\/ru\/wp-json\/wp\/v2\/media\/35251"}],"wp:attachment":[{"href":"https:\/\/farwell.ee\/ru\/wp-json\/wp\/v2\/media?parent=35243"}],"wp:term":[{"taxonomy":"product_brand","embeddable":true,"href":"https:\/\/farwell.ee\/ru\/wp-json\/wp\/v2\/product_brand?post=35243"},{"taxonomy":"product_cat","embeddable":true,"href":"https:\/\/farwell.ee\/ru\/wp-json\/wp\/v2\/product_cat?post=35243"},{"taxonomy":"product_tag","embeddable":true,"href":"https:\/\/farwell.ee\/ru\/wp-json\/wp\/v2\/product_tag?post=35243"}],"curies":[{"name":"wp","href":"https:\/\/api.w.org\/{rel}","templated":true}]}}