{"id":35149,"date":"2025-09-04T08:30:05","date_gmt":"2025-09-04T05:30:05","guid":{"rendered":"https:\/\/farwell.ee\/toode\/munaplaat-gn-1-1-al-mittenakkuv-kate-8-le-munale\/"},"modified":"2026-04-06T10:45:14","modified_gmt":"2026-04-06T07:45:14","slug":"munaplaat-gn-1-1-al-mittenakkuv-kate-8-le-munale","status":"publish","type":"product","link":"https:\/\/farwell.ee\/ru\/product\/munaplaat-gn-1-1-al-mittenakkuv-kate-8-le-munale\/","title":{"rendered":"Munaplaat GN 1\/1 Al\/mittenakkuv kate, 8-le munale"},"content":{"rendered":"","protected":false},"excerpt":{"rendered":"<p>8 vormi, mis on ideaalsed praemunade, pannkookide ja omlettide jaoks.<br \/>\nVormide l\u00e4bim\u00f5\u00f5t \u00fclevalt 11cm , l\u00e4bim\u00f5\u00f5t alt 8cm ja vormi s\u00fcgavus 2cm.<\/p>\n<p>Masinpesu ei ole lubatud !<\/p>","protected":false},"featured_media":35147,"template":"","meta":{"_acf_changed":false,"inline_featured_image":false},"product_brand":[],"product_cat":[6541],"product_tag":[12232],"class_list":{"0":"post-35149","1":"product","2":"type-product","3":"status-publish","4":"has-post-thumbnail","6":"product_cat-non-stick","7":"product_tag-kupsetusplaat","8":"pa_kaubamark-hendi","10":"first","11":"instock","12":"shipping-taxable","13":"purchasable","14":"product-type-simple"},"acf":[],"_links":{"self":[{"href":"https:\/\/farwell.ee\/ru\/wp-json\/wp\/v2\/product\/35149","targetHints":{"allow":["GET"]}}],"collection":[{"href":"https:\/\/farwell.ee\/ru\/wp-json\/wp\/v2\/product"}],"about":[{"href":"https:\/\/farwell.ee\/ru\/wp-json\/wp\/v2\/types\/product"}],"wp:featuredmedia":[{"embeddable":true,"href":"https:\/\/farwell.ee\/ru\/wp-json\/wp\/v2\/media\/35147"}],"wp:attachment":[{"href":"https:\/\/farwell.ee\/ru\/wp-json\/wp\/v2\/media?parent=35149"}],"wp:term":[{"taxonomy":"product_brand","embeddable":true,"href":"https:\/\/farwell.ee\/ru\/wp-json\/wp\/v2\/product_brand?post=35149"},{"taxonomy":"product_cat","embeddable":true,"href":"https:\/\/farwell.ee\/ru\/wp-json\/wp\/v2\/product_cat?post=35149"},{"taxonomy":"product_tag","embeddable":true,"href":"https:\/\/farwell.ee\/ru\/wp-json\/wp\/v2\/product_tag?post=35149"}],"curies":[{"name":"wp","href":"https:\/\/api.w.org\/{rel}","templated":true}]}}