{"id":35016,"date":"2025-08-26T08:30:05","date_gmt":"2025-08-26T05:30:05","guid":{"rendered":"https:\/\/farwell.ee\/toode\/espressotass-8cl-kooniline-ja-alustaldrik-matrix\/"},"modified":"2026-02-19T14:30:06","modified_gmt":"2026-02-19T12:30:06","slug":"espressotass-8cl-kooniline-ja-alustaldrik-matrix","status":"publish","type":"product","link":"https:\/\/farwell.ee\/ru\/product\/espressotass-8cl-kooniline-ja-alustaldrik-matrix\/","title":{"rendered":"Espressotass 8cl kooniline ja alustaldrik Matrix Glazed"},"content":{"rendered":"","protected":false},"excerpt":{"rendered":"<p>Elegantne ja pilkup\u00fc\u00fcdev espressotass, mille taldriku serv ja tassi k\u00f5rv j\u00e4ljendavad kristalset struktuuri.<br \/>\nTassi ja alustaldriku pind on \u00fcleni glasuuritud.<\/p>","protected":false},"featured_media":35015,"template":"","meta":{"_acf_changed":false,"inline_featured_image":false},"product_brand":[],"product_cat":[179],"product_tag":[],"class_list":{"0":"post-35016","1":"product","2":"type-product","3":"status-publish","4":"has-post-thumbnail","6":"product_cat-tassid","7":"pa_kaubamark-vista-alegre","9":"first","10":"outofstock","11":"shipping-taxable","12":"purchasable","13":"product-type-simple"},"acf":[],"_links":{"self":[{"href":"https:\/\/farwell.ee\/ru\/wp-json\/wp\/v2\/product\/35016","targetHints":{"allow":["GET"]}}],"collection":[{"href":"https:\/\/farwell.ee\/ru\/wp-json\/wp\/v2\/product"}],"about":[{"href":"https:\/\/farwell.ee\/ru\/wp-json\/wp\/v2\/types\/product"}],"wp:featuredmedia":[{"embeddable":true,"href":"https:\/\/farwell.ee\/ru\/wp-json\/wp\/v2\/media\/35015"}],"wp:attachment":[{"href":"https:\/\/farwell.ee\/ru\/wp-json\/wp\/v2\/media?parent=35016"}],"wp:term":[{"taxonomy":"product_brand","embeddable":true,"href":"https:\/\/farwell.ee\/ru\/wp-json\/wp\/v2\/product_brand?post=35016"},{"taxonomy":"product_cat","embeddable":true,"href":"https:\/\/farwell.ee\/ru\/wp-json\/wp\/v2\/product_cat?post=35016"},{"taxonomy":"product_tag","embeddable":true,"href":"https:\/\/farwell.ee\/ru\/wp-json\/wp\/v2\/product_tag?post=35016"}],"curies":[{"name":"wp","href":"https:\/\/api.w.org\/{rel}","templated":true}]}}