{"id":34840,"date":"2025-07-31T09:45:04","date_gmt":"2025-07-31T06:45:04","guid":{"rendered":"https:\/\/farwell.ee\/toode\/prugikast-30l-pedaali-ja-kaanega\/"},"modified":"2025-09-15T09:45:03","modified_gmt":"2025-09-15T06:45:03","slug":"prugikast-30l-pedaali-ja-kaanega","status":"publish","type":"product","link":"https:\/\/farwell.ee\/ru\/product\/prugikast-30l-pedaali-ja-kaanega\/","title":{"rendered":"Pr\u00fcgikast 30L pedaali ja kaanega"},"content":{"rendered":"","protected":false},"excerpt":{"rendered":"<p>Ideaalne k\u00e4ed-vabad pr\u00fcgikast. Kohustuslik toitlustus- ja tervishoiut\u00f6\u00f6stuses.<br \/>\nVastupidav ja vaikne pedaalimehhanism koos tihedalt sulguva kaanega, mis aitab l\u00f5hnu ohjeldada.<br \/>\n\u00dcmarad nurgad ja sile pind tagavad lihtsa puhastamise ja desinfitseerimise vastavalt HACCP protseduuridele.<br \/>\nPol\u00fcprop\u00fcleenist valmistatud Probbax\u00ae pedaalipr\u00fcgikastid ei roosteta, ei m\u00f5rane ega pragune.<br \/>\nKaasas 6 pr\u00fcgisorteerimise kleebist kaanele kinnitamiseks.<br \/>\nValge pol\u00fcprop\u00fcleen, mis koosneb v\u00e4hemalt 50% ulatuses taaskasutatud materjalist.<\/p>","protected":false},"featured_media":34839,"template":"","meta":{"_acf_changed":false,"inline_featured_image":false},"product_brand":[],"product_cat":[160],"product_tag":[],"class_list":{"0":"post-34840","1":"product","2":"type-product","3":"status-publish","4":"has-post-thumbnail","6":"product_cat-prugikonteinerid","7":"pa_kaubamark-probbax","9":"first","10":"instock","11":"shipping-taxable","12":"purchasable","13":"product-type-simple"},"acf":[],"_links":{"self":[{"href":"https:\/\/farwell.ee\/ru\/wp-json\/wp\/v2\/product\/34840","targetHints":{"allow":["GET"]}}],"collection":[{"href":"https:\/\/farwell.ee\/ru\/wp-json\/wp\/v2\/product"}],"about":[{"href":"https:\/\/farwell.ee\/ru\/wp-json\/wp\/v2\/types\/product"}],"wp:featuredmedia":[{"embeddable":true,"href":"https:\/\/farwell.ee\/ru\/wp-json\/wp\/v2\/media\/34839"}],"wp:attachment":[{"href":"https:\/\/farwell.ee\/ru\/wp-json\/wp\/v2\/media?parent=34840"}],"wp:term":[{"taxonomy":"product_brand","embeddable":true,"href":"https:\/\/farwell.ee\/ru\/wp-json\/wp\/v2\/product_brand?post=34840"},{"taxonomy":"product_cat","embeddable":true,"href":"https:\/\/farwell.ee\/ru\/wp-json\/wp\/v2\/product_cat?post=34840"},{"taxonomy":"product_tag","embeddable":true,"href":"https:\/\/farwell.ee\/ru\/wp-json\/wp\/v2\/product_tag?post=34840"}],"curies":[{"name":"wp","href":"https:\/\/api.w.org\/{rel}","templated":true}]}}