{"id":34753,"date":"2025-07-11T14:30:05","date_gmt":"2025-07-11T11:30:05","guid":{"rendered":"https:\/\/farwell.ee\/toode\/kaitsevaha-60ml-puidust-loikelaudadele\/"},"modified":"2025-07-11T14:45:05","modified_gmt":"2025-07-11T11:45:05","slug":"kaitsevaha-60ml-puidust-loikelaudadele","status":"publish","type":"product","link":"https:\/\/farwell.ee\/ru\/product\/kaitsevaha-60ml-puidust-loikelaudadele\/","title":{"rendered":"Kaitsevaha 60ml puidust l\u00f5ikelaudadele"},"content":{"rendered":"","protected":false},"excerpt":{"rendered":"<p>Mesilasvahast ja mineraal\u00f5list valmistatud puiduvaha aitab s\u00e4ilitada puitkiust l\u00f5ikelaudade v\u00e4rvi ja l\u00e4iget.<br \/>\nKandke kaitsevaha regulaarselt peale pesemist ja p\u00f5hjalikku kuivatamist puhta lapiga.<br \/>\nL\u00f5ikelauavaha sobib nii puidust l\u00f5ikelaudadele kui ka puitkiust l\u00f5ikelaudadele.<\/p>\n<p>Sobib k\u00f5ikide puittoodete hoolduseks (n\u00e4iteks kokanugade puidust k\u00e4epidemed)<br \/>\n100% looduslik ja lisanditeta<br \/>\nUuendab puitpinna loomulikku kaitsekihti<br \/>\nMaht: 60 ml<br \/>\nTootmisriik: Saksamaa<br \/>\nMaterjalid: Linaseemne\u00f5li ja mesilasvaha.<\/p>","protected":false},"featured_media":34749,"template":"","meta":{"_acf_changed":false,"inline_featured_image":false},"product_brand":[],"product_cat":[146],"product_tag":[],"class_list":{"0":"post-34753","1":"product","2":"type-product","3":"status-publish","4":"has-post-thumbnail","6":"product_cat-loikelauad","7":"pa_kaubamark-gefu","9":"first","10":"outofstock","11":"shipping-taxable","12":"purchasable","13":"product-type-simple"},"acf":[],"_links":{"self":[{"href":"https:\/\/farwell.ee\/ru\/wp-json\/wp\/v2\/product\/34753","targetHints":{"allow":["GET"]}}],"collection":[{"href":"https:\/\/farwell.ee\/ru\/wp-json\/wp\/v2\/product"}],"about":[{"href":"https:\/\/farwell.ee\/ru\/wp-json\/wp\/v2\/types\/product"}],"wp:featuredmedia":[{"embeddable":true,"href":"https:\/\/farwell.ee\/ru\/wp-json\/wp\/v2\/media\/34749"}],"wp:attachment":[{"href":"https:\/\/farwell.ee\/ru\/wp-json\/wp\/v2\/media?parent=34753"}],"wp:term":[{"taxonomy":"product_brand","embeddable":true,"href":"https:\/\/farwell.ee\/ru\/wp-json\/wp\/v2\/product_brand?post=34753"},{"taxonomy":"product_cat","embeddable":true,"href":"https:\/\/farwell.ee\/ru\/wp-json\/wp\/v2\/product_cat?post=34753"},{"taxonomy":"product_tag","embeddable":true,"href":"https:\/\/farwell.ee\/ru\/wp-json\/wp\/v2\/product_tag?post=34753"}],"curies":[{"name":"wp","href":"https:\/\/api.w.org\/{rel}","templated":true}]}}