{"id":34601,"date":"2025-06-26T08:45:03","date_gmt":"2025-06-26T05:45:03","guid":{"rendered":"https:\/\/farwell.ee\/toode\/koogikaarid-203cm-multifunktsionaalsed\/"},"modified":"2026-04-21T14:15:04","modified_gmt":"2026-04-21T11:15:04","slug":"koogikaarid-203cm-multifunktsionaalsed","status":"publish","type":"product","link":"https:\/\/farwell.ee\/ru\/product\/koogikaarid-203cm-multifunktsionaalsed\/","title":{"rendered":"K\u00f6\u00f6gik\u00e4\u00e4rid 20,3cm multifunktsionaalsed"},"content":{"rendered":"","protected":false},"excerpt":{"rendered":"","protected":false},"featured_media":34600,"template":"","meta":{"_acf_changed":false,"inline_featured_image":false},"product_brand":[],"product_cat":[140],"product_tag":[],"class_list":{"0":"post-34601","1":"product","2":"type-product","3":"status-publish","4":"has-post-thumbnail","6":"product_cat-kooginoad","7":"pa_kaubamark-victorinox","9":"first","10":"outofstock","11":"shipping-taxable","12":"purchasable","13":"product-type-simple"},"acf":[],"_links":{"self":[{"href":"https:\/\/farwell.ee\/ru\/wp-json\/wp\/v2\/product\/34601","targetHints":{"allow":["GET"]}}],"collection":[{"href":"https:\/\/farwell.ee\/ru\/wp-json\/wp\/v2\/product"}],"about":[{"href":"https:\/\/farwell.ee\/ru\/wp-json\/wp\/v2\/types\/product"}],"wp:featuredmedia":[{"embeddable":true,"href":"https:\/\/farwell.ee\/ru\/wp-json\/wp\/v2\/media\/34600"}],"wp:attachment":[{"href":"https:\/\/farwell.ee\/ru\/wp-json\/wp\/v2\/media?parent=34601"}],"wp:term":[{"taxonomy":"product_brand","embeddable":true,"href":"https:\/\/farwell.ee\/ru\/wp-json\/wp\/v2\/product_brand?post=34601"},{"taxonomy":"product_cat","embeddable":true,"href":"https:\/\/farwell.ee\/ru\/wp-json\/wp\/v2\/product_cat?post=34601"},{"taxonomy":"product_tag","embeddable":true,"href":"https:\/\/farwell.ee\/ru\/wp-json\/wp\/v2\/product_tag?post=34601"}],"curies":[{"name":"wp","href":"https:\/\/api.w.org\/{rel}","templated":true}]}}