{"id":34547,"date":"2025-06-18T13:15:03","date_gmt":"2025-06-18T10:15:03","guid":{"rendered":"https:\/\/farwell.ee\/toode\/paninigrill-ehk-voileivagrill-compresso-slimline-voimsus-1800w\/"},"modified":"2025-11-11T13:45:10","modified_gmt":"2025-11-11T11:45:10","slug":"paninigrill-ehk-voileivagrill-compresso-slimline-voimsus-1800w","status":"publish","type":"product","link":"https:\/\/farwell.ee\/ru\/product\/paninigrill-ehk-voileivagrill-compresso-slimline-voimsus-1800w\/","title":{"rendered":"Paninigrill ehk v\u00f5ileivagrill Compresso Slimline, v\u00f5imsus 1800W"},"content":{"rendered":"","protected":false},"excerpt":{"rendered":"<ul class=\"productBulletPointsStyles-bulletPoints-Lz_f\">\n<li class=\"productBulletPointsStyles-bulletPointElement-2dOc\">Vastupidav konstruktsioon &#8211; roostevaba teras, malm.<\/li>\n<li class=\"productBulletPointsStyles-bulletPointElement-2dOc\">Kompaktne, ei v\u00f5ta palju ruumi &#8211; kitsas &#8220;Slimline&#8221; disain.<\/li>\n<li class=\"productBulletPointsStyles-bulletPointElement-2dOc\">Temperatuuri reguleerimine:\u00a0 +140\u00b0C kuni +300\u00b0C.<\/li>\n<li class=\"productBulletPointsStyles-bulletPointElement-2dOc\">Mugav kasutamine: lihtne paneel, kuumakindlad k\u00e4epidemed.<\/li>\n<li>2 t\u00e4iendavat k\u00fclgmist k\u00e4epidet grilli kergemaks t\u00f5stmiseks ja kandmiseks.<\/li>\n<li class=\"productBulletPointsStyles-bulletPointElement-2dOc\">Komplekti kuulub terasharjastega hari rihveldatud pindade puhastamiseks.<\/li>\n<li>T\u00f6\u00f6pind 197x368mm.<\/li>\n<li>Sobib toodetele, mille maksimaalne paksus on u. 7,6cm.<\/li>\n<li>Eemaldatav tilkumisalus.<\/li>\n<li>Toodetud USA-s.Waring kontaktgrill Panini Compresso Slimline ei v\u00f5ta t\u00e4nu oma &#8220;kitsale&#8221; disainile palju ruumi, pakkudes samas maksimaalset t\u00f5husust.<br \/>\nT\u00e4nu oma s\u00fcgavale soonikuga malmpinnale saab sellega h\u00f5lpsasti valmistada kuni 4 paninit korraga.<br \/>\nSee sobib h\u00e4sti ka burgerite, k\u00f6\u00f6giviljade ja muude toodete grillimiseks.<\/li>\n<\/ul>","protected":false},"featured_media":36415,"template":"","meta":{"_acf_changed":false,"inline_featured_image":false},"product_brand":[],"product_cat":[12397],"product_tag":[],"class_list":{"0":"post-34547","1":"product","2":"type-product","3":"status-publish","4":"has-post-thumbnail","6":"product_cat-voileivagrillid","7":"pa_kaubamark-waring","9":"first","10":"outofstock","11":"shipping-taxable","12":"purchasable","13":"product-type-simple"},"acf":[],"_links":{"self":[{"href":"https:\/\/farwell.ee\/ru\/wp-json\/wp\/v2\/product\/34547","targetHints":{"allow":["GET"]}}],"collection":[{"href":"https:\/\/farwell.ee\/ru\/wp-json\/wp\/v2\/product"}],"about":[{"href":"https:\/\/farwell.ee\/ru\/wp-json\/wp\/v2\/types\/product"}],"wp:featuredmedia":[{"embeddable":true,"href":"https:\/\/farwell.ee\/ru\/wp-json\/wp\/v2\/media\/36415"}],"wp:attachment":[{"href":"https:\/\/farwell.ee\/ru\/wp-json\/wp\/v2\/media?parent=34547"}],"wp:term":[{"taxonomy":"product_brand","embeddable":true,"href":"https:\/\/farwell.ee\/ru\/wp-json\/wp\/v2\/product_brand?post=34547"},{"taxonomy":"product_cat","embeddable":true,"href":"https:\/\/farwell.ee\/ru\/wp-json\/wp\/v2\/product_cat?post=34547"},{"taxonomy":"product_tag","embeddable":true,"href":"https:\/\/farwell.ee\/ru\/wp-json\/wp\/v2\/product_tag?post=34547"}],"curies":[{"name":"wp","href":"https:\/\/api.w.org\/{rel}","templated":true}]}}