{"id":34540,"date":"2025-06-18T11:15:04","date_gmt":"2025-06-18T08:15:04","guid":{"rendered":"https:\/\/farwell.ee\/toode\/frituur-2x8l-kahe-aravoolukraaniga-voimsus-7kw\/"},"modified":"2026-04-14T11:00:13","modified_gmt":"2026-04-14T08:00:13","slug":"frituur-2x8l-kahe-aravoolukraaniga-voimsus-7kw","status":"publish","type":"product","link":"https:\/\/farwell.ee\/ru\/product\/frituur-2x8l-kahe-aravoolukraaniga-voimsus-7kw\/","title":{"rendered":"Frit\u00fc\u00fcr 2x8L kahe \u00e4ravoolukraaniga, v\u00f5imsus 7kW"},"content":{"rendered":"","protected":false},"excerpt":{"rendered":"<div class=\"richContent-root-Ykt\">Profi Line seeria lauapealne frit\u00fc\u00fcr on valmistatud 18\/0 roostevabast terasest.<br \/>\nK\u00fctteelement l\u00fclitub eemaldamisel automaatselt v\u00e4lja.<br \/>\n\u00dclekuumenemiskaitses\u00fcsteem.<br \/>\n<span style=\"font-size: 1rem\">V-kujulise p\u00f5hjaga \u00f5lipaak tagab optimaalse k\u00fclmatsooni, pikendades \u00f5li kasutusiga.<br \/>\n<\/span><span style=\"font-size: 1rem\">Selged juhtseadmed ja temperatuuri m\u00e4rgutuled asuvad seadme \u00fclak\u00fcljel.<br \/>\n<\/span><span style=\"font-size: 1rem\">Kaitstud \u00fclekuumenemise eest l\u00e4htestatava termokaitse abil.<br \/>\n<\/span><span style=\"font-size: 1rem\">Eriti pika k\u00e4epidemega k\u00fcpsetuskorv teeb selle mudeli suurep\u00e4raseks seadmeks intensiivse kasutamise jaoks.<br \/>\n<\/span><span style=\"font-size: 1rem\">Frit\u00fc\u00fcr tarnitakse k\u00fcpsetuskorvde ja kaantega.<\/span><\/p>\n<\/div>\n<div class=\"richContent-root-Ykt\"><\/div>","protected":false},"featured_media":34538,"template":"","meta":{"_acf_changed":false,"inline_featured_image":false},"product_brand":[],"product_cat":[5584],"product_tag":[],"class_list":{"0":"post-34540","1":"product","2":"type-product","3":"status-publish","4":"has-post-thumbnail","6":"product_cat-profifrituurid","7":"pa_kaubamark-hendi","9":"first","10":"outofstock","11":"shipping-taxable","12":"purchasable","13":"product-type-simple"},"acf":[],"_links":{"self":[{"href":"https:\/\/farwell.ee\/ru\/wp-json\/wp\/v2\/product\/34540","targetHints":{"allow":["GET"]}}],"collection":[{"href":"https:\/\/farwell.ee\/ru\/wp-json\/wp\/v2\/product"}],"about":[{"href":"https:\/\/farwell.ee\/ru\/wp-json\/wp\/v2\/types\/product"}],"wp:featuredmedia":[{"embeddable":true,"href":"https:\/\/farwell.ee\/ru\/wp-json\/wp\/v2\/media\/34538"}],"wp:attachment":[{"href":"https:\/\/farwell.ee\/ru\/wp-json\/wp\/v2\/media?parent=34540"}],"wp:term":[{"taxonomy":"product_brand","embeddable":true,"href":"https:\/\/farwell.ee\/ru\/wp-json\/wp\/v2\/product_brand?post=34540"},{"taxonomy":"product_cat","embeddable":true,"href":"https:\/\/farwell.ee\/ru\/wp-json\/wp\/v2\/product_cat?post=34540"},{"taxonomy":"product_tag","embeddable":true,"href":"https:\/\/farwell.ee\/ru\/wp-json\/wp\/v2\/product_tag?post=34540"}],"curies":[{"name":"wp","href":"https:\/\/api.w.org\/{rel}","templated":true}]}}