{"id":34515,"date":"2025-06-17T13:45:03","date_gmt":"2025-06-17T10:45:03","guid":{"rendered":"https:\/\/farwell.ee\/toode\/jaapurustaja-130w-elektriline\/"},"modified":"2025-12-18T17:30:04","modified_gmt":"2025-12-18T15:30:04","slug":"jaapurustaja-130w-elektriline","status":"publish","type":"product","link":"https:\/\/farwell.ee\/ru\/product\/jaapurustaja-130w-elektriline\/","title":{"rendered":"J\u00e4\u00e4purustaja 130W elektriline"},"content":{"rendered":"","protected":false},"excerpt":{"rendered":"<p>Kasutamiseks k\u00f5ikjal, kus vajate purustatud j\u00e4\u00e4d: kokteilibaarides, hotellides, restoranides, baarides ja \u00f6\u00f6klubides.<br \/>\nIdeaalne kokteilide valmistamiseks (mojitod, k\u00fclmutatud margaritad, daiquirid&#8230;).<\/p>\n<p>J\u00e4\u00e4purustaja on varustatud v\u00f5imsa ja vaikse induktsioonmootoriga.<\/p>\n<p>See valmistab nii peent kui ka j\u00e4medat j\u00e4\u00e4d vaid \u00fche nupuvajutusega.<\/p>\n<p>2 t\u00f6\u00f6re\u017eiimi: automaatne (purustab automaatselt kogu paaki pandud j\u00e4\u00e4) ja k\u00e4sitsi (purustab j\u00e4\u00e4d seni, kuni nuppu vajutate).<\/p>\n<p>Erakordne tootlikkus: valmistab lihtsalt ja kiiresti 1,2 kg purustatud j\u00e4\u00e4d 30 sekundiga.<\/p>\n<p>Toodetud Prantsusmaal alates 1954. aastast!<\/p>","protected":false},"featured_media":34519,"template":"","meta":{"_acf_changed":false,"inline_featured_image":false},"product_brand":[],"product_cat":[5776],"product_tag":[],"class_list":{"0":"post-34515","1":"product","2":"type-product","3":"status-publish","4":"has-post-thumbnail","6":"product_cat-muud-vaikeseadmed","7":"pa_kaubamark-santos","9":"first","10":"instock","11":"shipping-taxable","12":"purchasable","13":"product-type-simple"},"acf":[],"_links":{"self":[{"href":"https:\/\/farwell.ee\/ru\/wp-json\/wp\/v2\/product\/34515","targetHints":{"allow":["GET"]}}],"collection":[{"href":"https:\/\/farwell.ee\/ru\/wp-json\/wp\/v2\/product"}],"about":[{"href":"https:\/\/farwell.ee\/ru\/wp-json\/wp\/v2\/types\/product"}],"wp:featuredmedia":[{"embeddable":true,"href":"https:\/\/farwell.ee\/ru\/wp-json\/wp\/v2\/media\/34519"}],"wp:attachment":[{"href":"https:\/\/farwell.ee\/ru\/wp-json\/wp\/v2\/media?parent=34515"}],"wp:term":[{"taxonomy":"product_brand","embeddable":true,"href":"https:\/\/farwell.ee\/ru\/wp-json\/wp\/v2\/product_brand?post=34515"},{"taxonomy":"product_cat","embeddable":true,"href":"https:\/\/farwell.ee\/ru\/wp-json\/wp\/v2\/product_cat?post=34515"},{"taxonomy":"product_tag","embeddable":true,"href":"https:\/\/farwell.ee\/ru\/wp-json\/wp\/v2\/product_tag?post=34515"}],"curies":[{"name":"wp","href":"https:\/\/api.w.org\/{rel}","templated":true}]}}