{"id":34511,"date":"2025-06-17T12:45:04","date_gmt":"2025-06-17T09:45:04","guid":{"rendered":"https:\/\/farwell.ee\/toode\/jaapurustaja-200w-elektriline-tootlikkus-kuni-160kg-h\/"},"modified":"2026-01-09T11:00:06","modified_gmt":"2026-01-09T09:00:06","slug":"jaapurustaja-200w-elektriline-tootlikkus-kuni-160kg-h","status":"publish","type":"product","link":"https:\/\/farwell.ee\/ru\/product\/jaapurustaja-200w-elektriline-tootlikkus-kuni-160kg-h\/","title":{"rendered":"J\u00e4\u00e4purustaja 200W elektriline, tootlikkus kuni 160kg\/h"},"content":{"rendered":"","protected":false},"excerpt":{"rendered":"<div class=\"richContent-root-Ykt\">\n<div>\n<div>Mootori korpus on valmistatud valatud alumiiniumist.<br \/>\nV\u00f5imas ventileeritav mootor &#8211; see suudab ilma \u00fclekuumenemiseta hakkama saada terve tassit\u00e4ie j\u00e4\u00e4ga.<br \/>\nHingedega kaas, mis on varustatud turvamikrol\u00fclitiga.<br \/>\nTasside mahutavus: 3 L.<br \/>\nMahuti seina paksus: 0,8 mm.<br \/>\nTera kiirus: 1000 RPM.<br \/>\nT\u00e4ieliku tassit\u00e4ie j\u00e4\u00e4 purustamiseks kulub \u224835 s.<br \/>\nTootlikkus: kuni 160 kg\/h.<br \/>\nKaitseaste: IP23.<\/div>\n<\/div>\n<\/div>\n<div class=\"richContent-root-Ykt\"><\/div>","protected":false},"featured_media":34510,"template":"","meta":{"_acf_changed":false,"inline_featured_image":false},"product_brand":[],"product_cat":[5776],"product_tag":[],"class_list":{"0":"post-34511","1":"product","2":"type-product","3":"status-publish","4":"has-post-thumbnail","6":"product_cat-muud-vaikeseadmed","7":"pa_kaubamark-hendi","9":"first","10":"outofstock","11":"shipping-taxable","12":"purchasable","13":"product-type-simple"},"acf":[],"_links":{"self":[{"href":"https:\/\/farwell.ee\/ru\/wp-json\/wp\/v2\/product\/34511","targetHints":{"allow":["GET"]}}],"collection":[{"href":"https:\/\/farwell.ee\/ru\/wp-json\/wp\/v2\/product"}],"about":[{"href":"https:\/\/farwell.ee\/ru\/wp-json\/wp\/v2\/types\/product"}],"wp:featuredmedia":[{"embeddable":true,"href":"https:\/\/farwell.ee\/ru\/wp-json\/wp\/v2\/media\/34510"}],"wp:attachment":[{"href":"https:\/\/farwell.ee\/ru\/wp-json\/wp\/v2\/media?parent=34511"}],"wp:term":[{"taxonomy":"product_brand","embeddable":true,"href":"https:\/\/farwell.ee\/ru\/wp-json\/wp\/v2\/product_brand?post=34511"},{"taxonomy":"product_cat","embeddable":true,"href":"https:\/\/farwell.ee\/ru\/wp-json\/wp\/v2\/product_cat?post=34511"},{"taxonomy":"product_tag","embeddable":true,"href":"https:\/\/farwell.ee\/ru\/wp-json\/wp\/v2\/product_tag?post=34511"}],"curies":[{"name":"wp","href":"https:\/\/api.w.org\/{rel}","templated":true}]}}