{"id":34498,"date":"2025-06-17T11:15:03","date_gmt":"2025-06-17T08:15:03","guid":{"rendered":"https:\/\/farwell.ee\/toode\/sailituskarp-048l-kaanega-silikoonist-tihendiga-kaas\/"},"modified":"2025-07-01T15:15:10","modified_gmt":"2025-07-01T12:15:10","slug":"sailituskarp-048l-kaanega-silikoonist-tihendiga-kaas","status":"publish","type":"product","link":"https:\/\/farwell.ee\/ru\/product\/sailituskarp-048l-kaanega-silikoonist-tihendiga-kaas\/","title":{"rendered":"S\u00e4ilituskarp 0,48L kaanega, silikoonist tihendiga kaas"},"content":{"rendered":"","protected":false},"excerpt":{"rendered":"<p>Lacori uus EcoInox l\u00f5unakarp on valmistatud roostevabast terasest ja seda saab soojendada ka mikrolaineahjus !<br \/>\nToidukarbi BPA-vabal plastkaanel on eemaldatav silikoontihend ja neljakordne riivsulgur, mis tagab, et l\u00f5unakarp transportimise ajal ei leki.<br \/>\nTeraskarp on ka ahjukindel.<\/p>\n<p>Mikrolaineahjus ja s\u00fcgavk\u00fclmikus kasutatav ja n\u00f5udepesumasinas pestav.<br \/>\nKerge ja vastupidav: sobib ideaalselt toidu hoidmiseks ja kaasaskandmiseks.<br \/>\nVirnastatav: s\u00e4\u00e4stab k\u00f6\u00f6gikapis ruumi.<br \/>\nL\u00f5unakarbi terasest vormi saab kasutada ka ahjus k\u00fcpsetusn\u00f5una.<\/p>\n<p>M\u00f5\u00f5tmed: 15,5 x 11,5 x 5,5 cm<br \/>\nMahutavus: 480 ml<br \/>\nMaterjalid: roostevaba teras, BPA-vaba pol\u00fcprop\u00fcleenplast<\/p>","protected":false},"featured_media":34497,"template":"","meta":{"_acf_changed":false,"inline_featured_image":false},"product_brand":[],"product_cat":[5674],"product_tag":[11672,11673,10109],"class_list":{"0":"post-34498","1":"product","2":"type-product","3":"status-publish","4":"has-post-thumbnail","6":"product_cat-sailitus-ja-transpordikastid","7":"product_tag-lounakarp","8":"product_tag-lounatoidukarp","9":"product_tag-toidukarp","10":"pa_kaubamark-lacor","12":"first","13":"outofstock","14":"shipping-taxable","15":"purchasable","16":"product-type-simple"},"acf":[],"_links":{"self":[{"href":"https:\/\/farwell.ee\/ru\/wp-json\/wp\/v2\/product\/34498","targetHints":{"allow":["GET"]}}],"collection":[{"href":"https:\/\/farwell.ee\/ru\/wp-json\/wp\/v2\/product"}],"about":[{"href":"https:\/\/farwell.ee\/ru\/wp-json\/wp\/v2\/types\/product"}],"wp:featuredmedia":[{"embeddable":true,"href":"https:\/\/farwell.ee\/ru\/wp-json\/wp\/v2\/media\/34497"}],"wp:attachment":[{"href":"https:\/\/farwell.ee\/ru\/wp-json\/wp\/v2\/media?parent=34498"}],"wp:term":[{"taxonomy":"product_brand","embeddable":true,"href":"https:\/\/farwell.ee\/ru\/wp-json\/wp\/v2\/product_brand?post=34498"},{"taxonomy":"product_cat","embeddable":true,"href":"https:\/\/farwell.ee\/ru\/wp-json\/wp\/v2\/product_cat?post=34498"},{"taxonomy":"product_tag","embeddable":true,"href":"https:\/\/farwell.ee\/ru\/wp-json\/wp\/v2\/product_tag?post=34498"}],"curies":[{"name":"wp","href":"https:\/\/api.w.org\/{rel}","templated":true}]}}