{"id":34421,"date":"2025-06-09T17:15:03","date_gmt":"2025-06-09T14:15:03","guid":{"rendered":"https:\/\/farwell.ee\/toode\/hamburgeripihvi-press-sooneline\/"},"modified":"2026-03-16T12:15:05","modified_gmt":"2026-03-16T10:15:05","slug":"hamburgeripihvi-press-sooneline","status":"publish","type":"product","link":"https:\/\/farwell.ee\/ru\/product\/hamburgeripihvi-press-sooneline\/","title":{"rendered":"Hamburgeripihvi press sooneline"},"content":{"rendered":"","protected":false},"excerpt":{"rendered":"<p>Pihvipressiga saad lihtsalt ja kiiresti tihedad ja eelk\u00f5ige \u00fchtlased hamburgeripihvid.<\/p>\n<p>Kasutamine:<br \/>\n\u2013 Pane hakklihamass steigipressi ja suru mass \u00fclemise osaga pihviks.<br \/>\n\u2013 V\u00f5ta pihv vormist v\u00e4lja ja lao need \u00fcksteise peale, asetades vahele v\u00e4ike t\u00fckk k\u00fcpsetuspaberit.<br \/>\n\u2013 K\u00fcpseta pihvid pannil v\u00f5i grillil.<\/p>\n<p>Pihvipressi saab pesta n\u00f5udepesumasinas, kuid soovitame pesta k\u00e4sitsi.<\/p>","protected":false},"featured_media":34419,"template":"","meta":{"_acf_changed":false,"inline_featured_image":false},"product_brand":[],"product_cat":[144],"product_tag":[],"class_list":{"0":"post-34421","1":"product","2":"type-product","3":"status-publish","4":"has-post-thumbnail","6":"product_cat-lihahaamrid","7":"pa_kaubamark-westmark","9":"first","10":"instock","11":"shipping-taxable","12":"purchasable","13":"product-type-simple"},"acf":[],"_links":{"self":[{"href":"https:\/\/farwell.ee\/ru\/wp-json\/wp\/v2\/product\/34421","targetHints":{"allow":["GET"]}}],"collection":[{"href":"https:\/\/farwell.ee\/ru\/wp-json\/wp\/v2\/product"}],"about":[{"href":"https:\/\/farwell.ee\/ru\/wp-json\/wp\/v2\/types\/product"}],"wp:featuredmedia":[{"embeddable":true,"href":"https:\/\/farwell.ee\/ru\/wp-json\/wp\/v2\/media\/34419"}],"wp:attachment":[{"href":"https:\/\/farwell.ee\/ru\/wp-json\/wp\/v2\/media?parent=34421"}],"wp:term":[{"taxonomy":"product_brand","embeddable":true,"href":"https:\/\/farwell.ee\/ru\/wp-json\/wp\/v2\/product_brand?post=34421"},{"taxonomy":"product_cat","embeddable":true,"href":"https:\/\/farwell.ee\/ru\/wp-json\/wp\/v2\/product_cat?post=34421"},{"taxonomy":"product_tag","embeddable":true,"href":"https:\/\/farwell.ee\/ru\/wp-json\/wp\/v2\/product_tag?post=34421"}],"curies":[{"name":"wp","href":"https:\/\/api.w.org\/{rel}","templated":true}]}}