{"id":34378,"date":"2025-06-05T10:30:04","date_gmt":"2025-06-05T07:30:04","guid":{"rendered":"https:\/\/farwell.ee\/toode\/hamburgeripress-12cm-mittenakkuva-kattega\/"},"modified":"2026-04-20T17:00:08","modified_gmt":"2026-04-20T14:00:08","slug":"hamburgeripress-12cm-mittenakkuva-kattega","status":"publish","type":"product","link":"https:\/\/farwell.ee\/ru\/product\/hamburgeripress-12cm-mittenakkuva-kattega\/","title":{"rendered":"Hamburgeripress 12cm mittenakkuva kattega"},"content":{"rendered":"","protected":false},"excerpt":{"rendered":"<p>K\u00e4sipress hamburgeri kotleti valmistamiseks.<br \/>\nValmistatud alumiiniumivalust, mittekleepuva pinnakattega.<br \/>\nK\u00e4epide pol\u00fcprop\u00fcleenist.<br \/>\nHamburgeri diameeter 120mm.<br \/>\nMasinpesu ei ole lubatud !<\/p>","protected":false},"featured_media":34377,"template":"","meta":{"_acf_changed":false,"inline_featured_image":false},"product_brand":[],"product_cat":[144],"product_tag":[],"class_list":{"0":"post-34378","1":"product","2":"type-product","3":"status-publish","4":"has-post-thumbnail","6":"product_cat-lihahaamrid","7":"pa_kaubamark-hendi","9":"first","10":"instock","11":"shipping-taxable","12":"purchasable","13":"product-type-simple"},"acf":[],"_links":{"self":[{"href":"https:\/\/farwell.ee\/ru\/wp-json\/wp\/v2\/product\/34378","targetHints":{"allow":["GET"]}}],"collection":[{"href":"https:\/\/farwell.ee\/ru\/wp-json\/wp\/v2\/product"}],"about":[{"href":"https:\/\/farwell.ee\/ru\/wp-json\/wp\/v2\/types\/product"}],"wp:featuredmedia":[{"embeddable":true,"href":"https:\/\/farwell.ee\/ru\/wp-json\/wp\/v2\/media\/34377"}],"wp:attachment":[{"href":"https:\/\/farwell.ee\/ru\/wp-json\/wp\/v2\/media?parent=34378"}],"wp:term":[{"taxonomy":"product_brand","embeddable":true,"href":"https:\/\/farwell.ee\/ru\/wp-json\/wp\/v2\/product_brand?post=34378"},{"taxonomy":"product_cat","embeddable":true,"href":"https:\/\/farwell.ee\/ru\/wp-json\/wp\/v2\/product_cat?post=34378"},{"taxonomy":"product_tag","embeddable":true,"href":"https:\/\/farwell.ee\/ru\/wp-json\/wp\/v2\/product_tag?post=34378"}],"curies":[{"name":"wp","href":"https:\/\/api.w.org\/{rel}","templated":true}]}}