{"id":34353,"date":"2025-06-03T15:45:04","date_gmt":"2025-06-03T12:45:04","guid":{"rendered":"https:\/\/farwell.ee\/toode\/truhvliriiv-22cm-r-v\/"},"modified":"2026-01-09T11:00:08","modified_gmt":"2026-01-09T09:00:08","slug":"truhvliriiv-22cm-r-v","status":"publish","type":"product","link":"https:\/\/farwell.ee\/ru\/product\/truhvliriiv-22cm-r-v\/","title":{"rendered":"Tr\u00fchvliriiv 22cm r\/v"},"content":{"rendered":"","protected":false},"excerpt":{"rendered":"<p><span>Ideaalne t\u00f6\u00f6vahend \u00f5hukeste tr\u00fchvliviilude l\u00f5ikamiseks.<\/span><br \/>\n<span>Tr\u00fchvliviilutaja tera on valmistatud roostevabast terasest &#8211; k\u00f5vadus 55 HRC.<\/span><br \/>\n<span>Tera korpus on valmistatud roostevabast terasest.<\/span><br \/>\n<span>Tera reguleerimine kruviga.<\/span><br \/>\n<span>Viilu paksus: 0,2-3 mm.<\/span><\/p>","protected":false},"featured_media":34351,"template":"","meta":{"_acf_changed":false,"inline_featured_image":false},"product_brand":[],"product_cat":[163],"product_tag":[],"class_list":{"0":"post-34353","1":"product","2":"type-product","3":"status-publish","4":"has-post-thumbnail","6":"product_cat-riivid-koorijad-ja-pureestajad","7":"pa_kaubamark-hendi","9":"first","10":"instock","11":"shipping-taxable","12":"purchasable","13":"product-type-simple"},"acf":[],"_links":{"self":[{"href":"https:\/\/farwell.ee\/ru\/wp-json\/wp\/v2\/product\/34353","targetHints":{"allow":["GET"]}}],"collection":[{"href":"https:\/\/farwell.ee\/ru\/wp-json\/wp\/v2\/product"}],"about":[{"href":"https:\/\/farwell.ee\/ru\/wp-json\/wp\/v2\/types\/product"}],"wp:featuredmedia":[{"embeddable":true,"href":"https:\/\/farwell.ee\/ru\/wp-json\/wp\/v2\/media\/34351"}],"wp:attachment":[{"href":"https:\/\/farwell.ee\/ru\/wp-json\/wp\/v2\/media?parent=34353"}],"wp:term":[{"taxonomy":"product_brand","embeddable":true,"href":"https:\/\/farwell.ee\/ru\/wp-json\/wp\/v2\/product_brand?post=34353"},{"taxonomy":"product_cat","embeddable":true,"href":"https:\/\/farwell.ee\/ru\/wp-json\/wp\/v2\/product_cat?post=34353"},{"taxonomy":"product_tag","embeddable":true,"href":"https:\/\/farwell.ee\/ru\/wp-json\/wp\/v2\/product_tag?post=34353"}],"curies":[{"name":"wp","href":"https:\/\/api.w.org\/{rel}","templated":true}]}}