{"id":34306,"date":"2025-05-30T11:00:06","date_gmt":"2025-05-30T08:00:06","guid":{"rendered":"https:\/\/farwell.ee\/toode\/uhmer-173cm-kahepoolne-graniidist\/"},"modified":"2025-07-01T15:15:09","modified_gmt":"2025-07-01T12:15:09","slug":"uhmer-173cm-kahepoolne-graniidist","status":"publish","type":"product","link":"https:\/\/farwell.ee\/ru\/product\/uhmer-173cm-kahepoolne-graniidist\/","title":{"rendered":"Uhmer 17,3cm kahepoolne graniidist"},"content":{"rendered":"","protected":false},"excerpt":{"rendered":"<p>Stiilne suur kareda sisepinnaga uhmer, mis muudab kuivade v\u00fcrtside, \u00fcrtide ja maitseainete jahvatamise vaevatuks.<br \/>\nSelle graniituhmri abil saate h\u00f5lpsalt valmistada kuivi v\u00fcrtsisegusid ja pestosid.<br \/>\nErip\u00e4raks on erineva suurusega s\u00fcvendid m\u00f5lemas otsas.<br \/>\nSaab kasutada kahepoolselt.<\/p>\n<p>&nbsp;<\/p>","protected":false},"featured_media":34303,"template":"","meta":{"_acf_changed":false,"inline_featured_image":false},"product_brand":[],"product_cat":[163],"product_tag":[11585,11586],"class_list":{"0":"post-34306","1":"product","2":"type-product","3":"status-publish","4":"has-post-thumbnail","6":"product_cat-riivid-koorijad-ja-pureestajad","7":"product_tag-graniituhmer","8":"product_tag-kiviuhmer","9":"pa_kaubamark-gefu","11":"first","12":"outofstock","13":"shipping-taxable","14":"purchasable","15":"product-type-simple"},"acf":[],"_links":{"self":[{"href":"https:\/\/farwell.ee\/ru\/wp-json\/wp\/v2\/product\/34306","targetHints":{"allow":["GET"]}}],"collection":[{"href":"https:\/\/farwell.ee\/ru\/wp-json\/wp\/v2\/product"}],"about":[{"href":"https:\/\/farwell.ee\/ru\/wp-json\/wp\/v2\/types\/product"}],"wp:featuredmedia":[{"embeddable":true,"href":"https:\/\/farwell.ee\/ru\/wp-json\/wp\/v2\/media\/34303"}],"wp:attachment":[{"href":"https:\/\/farwell.ee\/ru\/wp-json\/wp\/v2\/media?parent=34306"}],"wp:term":[{"taxonomy":"product_brand","embeddable":true,"href":"https:\/\/farwell.ee\/ru\/wp-json\/wp\/v2\/product_brand?post=34306"},{"taxonomy":"product_cat","embeddable":true,"href":"https:\/\/farwell.ee\/ru\/wp-json\/wp\/v2\/product_cat?post=34306"},{"taxonomy":"product_tag","embeddable":true,"href":"https:\/\/farwell.ee\/ru\/wp-json\/wp\/v2\/product_tag?post=34306"}],"curies":[{"name":"wp","href":"https:\/\/api.w.org\/{rel}","templated":true}]}}