{"id":34279,"date":"2025-05-29T14:15:03","date_gmt":"2025-05-29T11:15:03","guid":{"rendered":"https:\/\/farwell.ee\/toode\/blender-19l-polukarbonaadist-kannuga-ja-murakattega-voimsus-1560w\/"},"modified":"2025-07-01T15:15:09","modified_gmt":"2025-07-01T12:15:09","slug":"blender-19l-polukarbonaadist-kannuga-ja-murakattega-voimsus-1560w","status":"publish","type":"product","link":"https:\/\/farwell.ee\/ru\/product\/blender-19l-polukarbonaadist-kannuga-ja-murakattega-voimsus-1560w\/","title":{"rendered":"Blender 1,9L pol\u00fckarbonaadist kannuga ja m\u00fcrakattega, v\u00f5imsus 1560W"},"content":{"rendered":"","protected":false},"excerpt":{"rendered":"<p>Heli\u00fcmbrisega Waring Bar blender XTREME aitab saavutada pidevalt t\u00e4iuslikke tulemusi \u2013 \u00f5ige konsistentsiga siledad segud.<br \/>\nSellel uskumatult v\u00f5imsal ja t\u00f5husal blenderil on kaks t\u00f6\u00f6re\u017eiimi ja t\u00e4iendav PULSE-funktsioon.<br \/>\nParimate tulemuste saavutamiseks on kaasas tugev BPA-vaba kann koos sisendiga koostisosade lisamiseks.<br \/>\n<span style=\"font-size: 1rem\"><br \/>\nKorpus on valmistatud pol\u00fckarbonaadist.<br \/>\n<\/span><span style=\"font-size: 1rem\">PULSE-funktsioon suurendab ajutiselt p\u00f6\u00f6rlemiskiirust, mis v\u00f5imaldab n\u00e4iteks v\u00e4ga k\u00f5vade toodete purustamist.<br \/>\n<\/span><span style=\"font-size: 1rem\">\u00dclekuumenemiskaitse.<br \/>\n<\/span><span style=\"font-size: 1rem\">Avatav \u00fclemine kaas v\u00f5imaldab koostisosade lisamist t\u00f6\u00f6 ajal.<br \/>\n<\/span><span style=\"font-size: 1rem\">Efektiivsus: \u00fcle 75 ts\u00fckli p\u00e4evas.<br \/>\n<\/span><span style=\"font-size: 1rem\">T\u00f6\u00f6ts\u00fckkel: 1 minut sisse\/3 minutit v\u00e4lja (ts\u00fcklitega t\u00f6\u00f6tamine hoiab \u00e4ra \u00fclekuumenemise).<\/span><\/p>\n<div class=\"richContent-root-Ykt\">\n<div>\n<div>Kaasas on pol\u00fckarbonaadist valmistatud kann.<br \/>\nJuhtpaneel membraani klahvistikuga.<br \/>\nP\u00f6\u00f6rlemiskiirus: maks. 29 000 p\/min (KIGH) v\u00f5i maks. 24 000 p\/min (madal).<br \/>\nVarustatud taimeriga: 30 sekundit.<br \/>\nPol\u00fckarbonaadist valmistatud heli\u00fcmbris on isoleeritud.<\/div>\n<\/div>\n<\/div>\n<div class=\"richContent-root-Ykt\"><\/div>","protected":false},"featured_media":34278,"template":"","meta":{"_acf_changed":false,"inline_featured_image":false},"product_brand":[],"product_cat":[5651],"product_tag":[],"class_list":{"0":"post-34279","1":"product","2":"type-product","3":"status-publish","4":"has-post-thumbnail","6":"product_cat-blenderid","7":"pa_kaubamark-waring","9":"first","10":"outofstock","11":"shipping-taxable","12":"purchasable","13":"product-type-simple"},"acf":[],"_links":{"self":[{"href":"https:\/\/farwell.ee\/ru\/wp-json\/wp\/v2\/product\/34279","targetHints":{"allow":["GET"]}}],"collection":[{"href":"https:\/\/farwell.ee\/ru\/wp-json\/wp\/v2\/product"}],"about":[{"href":"https:\/\/farwell.ee\/ru\/wp-json\/wp\/v2\/types\/product"}],"wp:featuredmedia":[{"embeddable":true,"href":"https:\/\/farwell.ee\/ru\/wp-json\/wp\/v2\/media\/34278"}],"wp:attachment":[{"href":"https:\/\/farwell.ee\/ru\/wp-json\/wp\/v2\/media?parent=34279"}],"wp:term":[{"taxonomy":"product_brand","embeddable":true,"href":"https:\/\/farwell.ee\/ru\/wp-json\/wp\/v2\/product_brand?post=34279"},{"taxonomy":"product_cat","embeddable":true,"href":"https:\/\/farwell.ee\/ru\/wp-json\/wp\/v2\/product_cat?post=34279"},{"taxonomy":"product_tag","embeddable":true,"href":"https:\/\/farwell.ee\/ru\/wp-json\/wp\/v2\/product_tag?post=34279"}],"curies":[{"name":"wp","href":"https:\/\/api.w.org\/{rel}","templated":true}]}}