{"id":34197,"date":"2025-05-23T14:00:05","date_gmt":"2025-05-23T11:00:05","guid":{"rendered":"https:\/\/farwell.ee\/toode\/kulmaplaat-175x115cm\/"},"modified":"2026-04-06T10:45:14","modified_gmt":"2026-04-06T07:45:14","slug":"kulmaplaat-175x115cm","status":"publish","type":"product","link":"https:\/\/farwell.ee\/ru\/product\/kulmaplaat-175x115cm\/","title":{"rendered":"K\u00fclmaplaat 17,5&#215;11,5cm"},"content":{"rendered":"","protected":false},"excerpt":{"rendered":"<p>Kvaliteetne roostevabast terasest k\u00fclmaalus serveerimiseks.<br \/>\nK\u00fclmaplaat hoiab pakutavad tooted kauem jahedana. Tipptoode suvise peolaua ja hotelli hommikus\u00f6\u00f6gi jaoks.<br \/>\nRistk\u00fclikukujuline jahutusalus t\u00f6\u00f6tab h\u00e4sti sarnase kujuga kandikute ja konteineritega (n\u00e4iteks v\u00f5itoos).<\/p>\n<p>Aseta k\u00fclmaalus eelmisel \u00f5htul s\u00fcgavk\u00fclma ja aseta hommikul lauale jahutamist vajavate n\u00f5ude alla.<br \/>\n\u00c4rge unustage laudlina kaitsta, kui te ei soovi, et see kondentsveest m\u00e4rjaks saaks.<\/p>\n<p>Puhastage niiske lapiga p\u00fchkides.<\/p>","protected":false},"featured_media":34196,"template":"","meta":{"_acf_changed":false,"inline_featured_image":false},"product_brand":[],"product_cat":[141],"product_tag":[],"class_list":{"0":"post-34197","1":"product","2":"type-product","3":"status-publish","4":"has-post-thumbnail","6":"product_cat-kulmaplaadid","7":"pa_kaubamark-ibili","9":"first","10":"instock","11":"shipping-taxable","12":"purchasable","13":"product-type-simple"},"acf":[],"_links":{"self":[{"href":"https:\/\/farwell.ee\/ru\/wp-json\/wp\/v2\/product\/34197","targetHints":{"allow":["GET"]}}],"collection":[{"href":"https:\/\/farwell.ee\/ru\/wp-json\/wp\/v2\/product"}],"about":[{"href":"https:\/\/farwell.ee\/ru\/wp-json\/wp\/v2\/types\/product"}],"wp:featuredmedia":[{"embeddable":true,"href":"https:\/\/farwell.ee\/ru\/wp-json\/wp\/v2\/media\/34196"}],"wp:attachment":[{"href":"https:\/\/farwell.ee\/ru\/wp-json\/wp\/v2\/media?parent=34197"}],"wp:term":[{"taxonomy":"product_brand","embeddable":true,"href":"https:\/\/farwell.ee\/ru\/wp-json\/wp\/v2\/product_brand?post=34197"},{"taxonomy":"product_cat","embeddable":true,"href":"https:\/\/farwell.ee\/ru\/wp-json\/wp\/v2\/product_cat?post=34197"},{"taxonomy":"product_tag","embeddable":true,"href":"https:\/\/farwell.ee\/ru\/wp-json\/wp\/v2\/product_tag?post=34197"}],"curies":[{"name":"wp","href":"https:\/\/api.w.org\/{rel}","templated":true}]}}