{"id":34195,"date":"2025-05-23T14:00:03","date_gmt":"2025-05-23T11:00:03","guid":{"rendered":"https:\/\/farwell.ee\/toode\/kulmaplaat-95cm-ummargune\/"},"modified":"2025-10-21T14:45:04","modified_gmt":"2025-10-21T11:45:04","slug":"kulmaplaat-95cm-ummargune","status":"publish","type":"product","link":"https:\/\/farwell.ee\/ru\/product\/kulmaplaat-95cm-ummargune\/","title":{"rendered":"K\u00fclmaplaat 9,5cm \u00fcmmargune"},"content":{"rendered":"","protected":false},"excerpt":{"rendered":"<p>V\u00e4ike \u00fcmmargune roostevabast terasest k\u00fclmaalus serveerimiseks.<\/p>\n<p>\u00dcmmargune jahutusplaat sobib ideaalselt \u00fcmmarguste anumate, nagu piima- ja koorekannud, jahutamiseks. Suurep\u00e4rane valik suviseks peolaua katmiseks ja hotelli hommikus\u00f6\u00f6gi lauale.<\/p>\n<p>Aseta k\u00fclmaalus eelmisel \u00f5htul s\u00fcgavk\u00fclma ja aseta hommikul lauale jahutamist vajavate n\u00f5ude alla.<br \/>\n\u00c4rge unustage laudlina kaitsta, kui te ei soovi, et see kondentsveest m\u00e4rjaks saaks.<\/p>\n<p>Puhastage niiske lapiga p\u00fchkides.<\/p>","protected":false},"featured_media":34194,"template":"","meta":{"_acf_changed":false,"inline_featured_image":false},"product_brand":[],"product_cat":[141],"product_tag":[],"class_list":{"0":"post-34195","1":"product","2":"type-product","3":"status-publish","4":"has-post-thumbnail","6":"product_cat-kulmaplaadid","7":"pa_kaubamark-ibili","9":"first","10":"instock","11":"shipping-taxable","12":"purchasable","13":"product-type-simple"},"acf":[],"_links":{"self":[{"href":"https:\/\/farwell.ee\/ru\/wp-json\/wp\/v2\/product\/34195","targetHints":{"allow":["GET"]}}],"collection":[{"href":"https:\/\/farwell.ee\/ru\/wp-json\/wp\/v2\/product"}],"about":[{"href":"https:\/\/farwell.ee\/ru\/wp-json\/wp\/v2\/types\/product"}],"wp:featuredmedia":[{"embeddable":true,"href":"https:\/\/farwell.ee\/ru\/wp-json\/wp\/v2\/media\/34194"}],"wp:attachment":[{"href":"https:\/\/farwell.ee\/ru\/wp-json\/wp\/v2\/media?parent=34195"}],"wp:term":[{"taxonomy":"product_brand","embeddable":true,"href":"https:\/\/farwell.ee\/ru\/wp-json\/wp\/v2\/product_brand?post=34195"},{"taxonomy":"product_cat","embeddable":true,"href":"https:\/\/farwell.ee\/ru\/wp-json\/wp\/v2\/product_cat?post=34195"},{"taxonomy":"product_tag","embeddable":true,"href":"https:\/\/farwell.ee\/ru\/wp-json\/wp\/v2\/product_tag?post=34195"}],"curies":[{"name":"wp","href":"https:\/\/api.w.org\/{rel}","templated":true}]}}