{"id":34168,"date":"2025-05-23T11:15:03","date_gmt":"2025-05-23T08:15:03","guid":{"rendered":"https:\/\/farwell.ee\/toode\/puhastushari-puidust-naturaalsete-harjastega\/"},"modified":"2025-07-03T14:45:04","modified_gmt":"2025-07-03T11:45:04","slug":"puhastushari-puidust-naturaalsete-harjastega","status":"publish","type":"product","link":"https:\/\/farwell.ee\/ru\/product\/puhastushari-puidust-naturaalsete-harjastega\/","title":{"rendered":"Puhastushari puidust, naturaalsete harjastega"},"content":{"rendered":"","protected":false},"excerpt":{"rendered":"<p>Stiilne puidust k\u00e4epidemega n\u00f5udehari, mis on valmistatud k\u00e4sit\u00f6\u00f6na Prantsusmaal.<br \/>\nN\u00f5udehari on valmistatud p\u00f6\u00f6gist ja Tampico kiust, mis p\u00e4rineb Mehhikos kasvavast Agave lechuguilla taimest.<br \/>\nPrantsuse pereettev\u00f5te Andr\u00e9e Jardin on harju ja puhastust\u00f6\u00f6riistu valmistanud aastast 1947.<br \/>\nTooted on valmistatud hoolikalt ja kasutades parimaid v\u00f5imalikke materjale.<br \/>\nEttev\u00f5tte tegevus on edasi antud isalt pojale ja seej\u00e4rel lastelastele, kes valmistavad n\u00fc\u00fcd kordam\u00f6\u00f6da kaasaegseid, kvaliteetseid ja stiilseid puhastusvahendeid.<\/p>","protected":false},"featured_media":34167,"template":"","meta":{"_acf_changed":false,"inline_featured_image":false},"product_brand":[],"product_cat":[7535],"product_tag":[],"class_list":{"0":"post-34168","1":"product","2":"type-product","3":"status-publish","4":"has-post-thumbnail","6":"product_cat-kulumaterjalid","7":"pa_kaubamark-andree-jardin","9":"first","10":"outofstock","11":"shipping-taxable","12":"purchasable","13":"product-type-simple"},"acf":[],"_links":{"self":[{"href":"https:\/\/farwell.ee\/ru\/wp-json\/wp\/v2\/product\/34168","targetHints":{"allow":["GET"]}}],"collection":[{"href":"https:\/\/farwell.ee\/ru\/wp-json\/wp\/v2\/product"}],"about":[{"href":"https:\/\/farwell.ee\/ru\/wp-json\/wp\/v2\/types\/product"}],"wp:featuredmedia":[{"embeddable":true,"href":"https:\/\/farwell.ee\/ru\/wp-json\/wp\/v2\/media\/34167"}],"wp:attachment":[{"href":"https:\/\/farwell.ee\/ru\/wp-json\/wp\/v2\/media?parent=34168"}],"wp:term":[{"taxonomy":"product_brand","embeddable":true,"href":"https:\/\/farwell.ee\/ru\/wp-json\/wp\/v2\/product_brand?post=34168"},{"taxonomy":"product_cat","embeddable":true,"href":"https:\/\/farwell.ee\/ru\/wp-json\/wp\/v2\/product_cat?post=34168"},{"taxonomy":"product_tag","embeddable":true,"href":"https:\/\/farwell.ee\/ru\/wp-json\/wp\/v2\/product_tag?post=34168"}],"curies":[{"name":"wp","href":"https:\/\/api.w.org\/{rel}","templated":true}]}}