{"id":34146,"date":"2025-05-23T08:45:03","date_gmt":"2025-05-23T05:45:03","guid":{"rendered":"https:\/\/farwell.ee\/toode\/kupsetusplaat-60x40cm-aarisega-3-kuljel-serva-korgus-2cm-2\/"},"modified":"2026-01-09T10:45:11","modified_gmt":"2026-01-09T08:45:11","slug":"kupsetusplaat-60x40cm-aarisega-3-kuljel-serva-korgus-2cm-2","status":"publish","type":"product","link":"https:\/\/farwell.ee\/ru\/product\/kupsetusplaat-60x40cm-aarisega-3-kuljel-serva-korgus-2cm-2\/","title":{"rendered":"K\u00fcpsetusplaat 60x40cm, \u00e4\u00e4risega 3-k\u00fcljel, serva k\u00f5rgus 2cm"},"content":{"rendered":"","protected":false},"excerpt":{"rendered":"<p>Materjali paksus 1,5mm.<br \/>\nMasinpesu ei ole lubatud !<\/p>","protected":false},"featured_media":34145,"template":"","meta":{"_acf_changed":false,"inline_featured_image":false},"product_brand":[],"product_cat":[151],"product_tag":[11517],"class_list":{"0":"post-34146","1":"product","2":"type-product","3":"status-publish","4":"has-post-thumbnail","6":"product_cat-pagariplaadid-ja-restid","7":"product_tag-pagariplaat","8":"pa_kaubamark-hendi","10":"first","11":"outofstock","12":"shipping-taxable","13":"purchasable","14":"product-type-simple"},"acf":[],"_links":{"self":[{"href":"https:\/\/farwell.ee\/ru\/wp-json\/wp\/v2\/product\/34146","targetHints":{"allow":["GET"]}}],"collection":[{"href":"https:\/\/farwell.ee\/ru\/wp-json\/wp\/v2\/product"}],"about":[{"href":"https:\/\/farwell.ee\/ru\/wp-json\/wp\/v2\/types\/product"}],"wp:featuredmedia":[{"embeddable":true,"href":"https:\/\/farwell.ee\/ru\/wp-json\/wp\/v2\/media\/34145"}],"wp:attachment":[{"href":"https:\/\/farwell.ee\/ru\/wp-json\/wp\/v2\/media?parent=34146"}],"wp:term":[{"taxonomy":"product_brand","embeddable":true,"href":"https:\/\/farwell.ee\/ru\/wp-json\/wp\/v2\/product_brand?post=34146"},{"taxonomy":"product_cat","embeddable":true,"href":"https:\/\/farwell.ee\/ru\/wp-json\/wp\/v2\/product_cat?post=34146"},{"taxonomy":"product_tag","embeddable":true,"href":"https:\/\/farwell.ee\/ru\/wp-json\/wp\/v2\/product_tag?post=34146"}],"curies":[{"name":"wp","href":"https:\/\/api.w.org\/{rel}","templated":true}]}}