{"id":34116,"date":"2025-05-21T11:20:14","date_gmt":"2025-05-21T08:20:14","guid":{"rendered":"https:\/\/farwell.ee\/toode\/toidukaru-20-le-kandikule-2-sektsiooniga\/"},"modified":"2026-01-16T12:15:06","modified_gmt":"2026-01-16T10:15:06","slug":"toidukaru-20-le-kandikule-2-sektsiooniga","status":"publish","type":"product","link":"https:\/\/farwell.ee\/ru\/product\/toidukaru-20-le-kandikule-2-sektsiooniga\/","title":{"rendered":"Toiduk\u00e4ru 20-le kandikule 36x46cm, 2-sektsiooniga"},"content":{"rendered":"","protected":false},"excerpt":{"rendered":"<p>Sobiliku kandiku m\u00f5\u00f5t on 36 x 46cm.<\/p>\n<p>Neutraalne madal toiduveok\u00e4ru ratastega.<br \/>\nV\u00e4lism\u00f5\u00f5dud 826 x 1232 x 1118mm<br \/>\nSisem\u00f5\u00f5dud 470 x 715 x 740mm<br \/>\nKorpus monoliitsest pol\u00fcet\u00fcleenist, isoleermaterjal pol\u00fcuretaan.<br \/>\nIntegreeritud k\u00e4epidemed.<br \/>\n2 sisemist nailonist riivi.<br \/>\nKerge ja iseventileeruv uks avaneb 270\u00b0.<br \/>\nRattad 12,7cm, millest kaks p\u00f6\u00f6ravat ja piduriga ning kaks j\u00e4ika.<br \/>\nSiinide arv \u00fches sektsioonis: 5<br \/>\nSiinide vahe 13,9cm.<br \/>\nMahutab 20 kandikut m\u00f5\u00f5tudega 36x46cm.<br \/>\n\u00dcks sektsioon mahutab 10 kandikut.<br \/>\nV\u00f5imalik tellida erinevat v\u00e4rvi toiduk\u00e4rusid: n\u00e4iteks pruunikas, roheline, hallikas-sinine, graniithall jne.<br \/>\nKaal 64,18 kg.<\/p>\n<p>Vastupidav korpus: ei murdu, roosteta, pragune ega purune.<br \/>\nMonoliitsed tugevad k\u00e4epidemed kahes otsas lihtsustavad kasutamist.<\/p>","protected":false},"featured_media":34135,"template":"","meta":{"_acf_changed":false,"inline_featured_image":false},"product_brand":[],"product_cat":[11505],"product_tag":[11956,11955],"class_list":{"0":"post-34116","1":"product","2":"type-product","3":"status-publish","4":"has-post-thumbnail","6":"product_cat-toidutranspordi-karud","7":"product_tag-kandikukaru","8":"product_tag-kandikute-karu","9":"pa_kaubamark-cambro","11":"first","12":"outofstock","13":"shipping-taxable","14":"purchasable","15":"product-type-simple"},"acf":[],"_links":{"self":[{"href":"https:\/\/farwell.ee\/ru\/wp-json\/wp\/v2\/product\/34116","targetHints":{"allow":["GET"]}}],"collection":[{"href":"https:\/\/farwell.ee\/ru\/wp-json\/wp\/v2\/product"}],"about":[{"href":"https:\/\/farwell.ee\/ru\/wp-json\/wp\/v2\/types\/product"}],"wp:featuredmedia":[{"embeddable":true,"href":"https:\/\/farwell.ee\/ru\/wp-json\/wp\/v2\/media\/34135"}],"wp:attachment":[{"href":"https:\/\/farwell.ee\/ru\/wp-json\/wp\/v2\/media?parent=34116"}],"wp:term":[{"taxonomy":"product_brand","embeddable":true,"href":"https:\/\/farwell.ee\/ru\/wp-json\/wp\/v2\/product_brand?post=34116"},{"taxonomy":"product_cat","embeddable":true,"href":"https:\/\/farwell.ee\/ru\/wp-json\/wp\/v2\/product_cat?post=34116"},{"taxonomy":"product_tag","embeddable":true,"href":"https:\/\/farwell.ee\/ru\/wp-json\/wp\/v2\/product_tag?post=34116"}],"curies":[{"name":"wp","href":"https:\/\/api.w.org\/{rel}","templated":true}]}}