{"id":34040,"date":"2025-05-16T08:45:03","date_gmt":"2025-05-16T05:45:03","guid":{"rendered":"https:\/\/farwell.ee\/toode\/soogiriistade-hoidik-12x12cm-tammepuidust\/"},"modified":"2025-11-18T09:00:13","modified_gmt":"2025-11-18T07:00:13","slug":"soogiriistade-hoidik-12x12cm-tammepuidust","status":"publish","type":"product","link":"https:\/\/farwell.ee\/ru\/product\/soogiriistade-hoidik-12x12cm-tammepuidust\/","title":{"rendered":"S\u00f6\u00f6giriistade hoidik p\u00f5hjata 12x12cm tammepuidust"},"content":{"rendered":"","protected":false},"excerpt":{"rendered":"","protected":false},"featured_media":36665,"template":"","meta":{"_acf_changed":false,"inline_featured_image":false},"product_brand":[],"product_cat":[12454],"product_tag":[],"class_list":{"0":"post-34040","1":"product","2":"type-product","3":"status-publish","4":"has-post-thumbnail","6":"product_cat-soogiriistade-hoidikud","7":"pa_kaubamark-fine-dine","9":"first","10":"instock","11":"shipping-taxable","12":"purchasable","13":"product-type-simple"},"acf":[],"_links":{"self":[{"href":"https:\/\/farwell.ee\/ru\/wp-json\/wp\/v2\/product\/34040","targetHints":{"allow":["GET"]}}],"collection":[{"href":"https:\/\/farwell.ee\/ru\/wp-json\/wp\/v2\/product"}],"about":[{"href":"https:\/\/farwell.ee\/ru\/wp-json\/wp\/v2\/types\/product"}],"wp:featuredmedia":[{"embeddable":true,"href":"https:\/\/farwell.ee\/ru\/wp-json\/wp\/v2\/media\/36665"}],"wp:attachment":[{"href":"https:\/\/farwell.ee\/ru\/wp-json\/wp\/v2\/media?parent=34040"}],"wp:term":[{"taxonomy":"product_brand","embeddable":true,"href":"https:\/\/farwell.ee\/ru\/wp-json\/wp\/v2\/product_brand?post=34040"},{"taxonomy":"product_cat","embeddable":true,"href":"https:\/\/farwell.ee\/ru\/wp-json\/wp\/v2\/product_cat?post=34040"},{"taxonomy":"product_tag","embeddable":true,"href":"https:\/\/farwell.ee\/ru\/wp-json\/wp\/v2\/product_tag?post=34040"}],"curies":[{"name":"wp","href":"https:\/\/api.w.org\/{rel}","templated":true}]}}