{"id":33879,"date":"2025-05-12T12:00:04","date_gmt":"2025-05-12T09:00:04","guid":{"rendered":"https:\/\/farwell.ee\/toode\/serveerimiskaru\/"},"modified":"2026-04-13T10:45:13","modified_gmt":"2026-04-13T07:45:13","slug":"serveerimiskaru","status":"publish","type":"product","link":"https:\/\/farwell.ee\/ru\/product\/serveerimiskaru\/","title":{"rendered":"Serveerimisk\u00e4ru 3-tasapinnaga, m\u00f5\u00f5dud 108x50x96cm"},"content":{"rendered":"","protected":false},"excerpt":{"rendered":"<p>Raam alumiiniumist.<br \/>\nTasapindade vaheline kaugus 310mm.<br \/>\n4 p\u00f6\u00f6rlevat ratast, k\u00f5ik varustatud piduritega.<br \/>\nKokkupandav.<br \/>\nSobilik j\u00e4\u00e4tmekonteiner on koodiga 11946.<br \/>\nSobilik s\u00f6\u00f6giriistade konteiner on koodiga 11947.<\/p>\n<p>&nbsp;<\/p>","protected":false},"featured_media":33885,"template":"","meta":{"_acf_changed":false,"inline_featured_image":false},"product_brand":[],"product_cat":[6321],"product_tag":[],"class_list":{"0":"post-33879","1":"product","2":"type-product","3":"status-publish","4":"has-post-thumbnail","6":"product_cat-serveerimiskarud-ja-lauad","7":"pa_kaubamark-aps","9":"first","10":"outofstock","11":"shipping-taxable","12":"purchasable","13":"product-type-simple"},"acf":[],"_links":{"self":[{"href":"https:\/\/farwell.ee\/ru\/wp-json\/wp\/v2\/product\/33879","targetHints":{"allow":["GET"]}}],"collection":[{"href":"https:\/\/farwell.ee\/ru\/wp-json\/wp\/v2\/product"}],"about":[{"href":"https:\/\/farwell.ee\/ru\/wp-json\/wp\/v2\/types\/product"}],"wp:featuredmedia":[{"embeddable":true,"href":"https:\/\/farwell.ee\/ru\/wp-json\/wp\/v2\/media\/33885"}],"wp:attachment":[{"href":"https:\/\/farwell.ee\/ru\/wp-json\/wp\/v2\/media?parent=33879"}],"wp:term":[{"taxonomy":"product_brand","embeddable":true,"href":"https:\/\/farwell.ee\/ru\/wp-json\/wp\/v2\/product_brand?post=33879"},{"taxonomy":"product_cat","embeddable":true,"href":"https:\/\/farwell.ee\/ru\/wp-json\/wp\/v2\/product_cat?post=33879"},{"taxonomy":"product_tag","embeddable":true,"href":"https:\/\/farwell.ee\/ru\/wp-json\/wp\/v2\/product_tag?post=33879"}],"curies":[{"name":"wp","href":"https:\/\/api.w.org\/{rel}","templated":true}]}}