{"id":33771,"date":"2025-05-06T12:00:06","date_gmt":"2025-05-06T09:00:06","guid":{"rendered":"https:\/\/farwell.ee\/toode\/koogikauss-15l-umar-labimoot-21cm\/"},"modified":"2026-04-15T17:30:05","modified_gmt":"2026-04-15T14:30:05","slug":"koogikauss-15l-umar-labimoot-21cm","status":"publish","type":"product","link":"https:\/\/farwell.ee\/ru\/product\/koogikauss-15l-umar-labimoot-21cm\/","title":{"rendered":"K\u00f6\u00f6gikauss 1,5L \u00fcmar, l\u00e4bim\u00f5\u00f5t 21cm"},"content":{"rendered":"","protected":false},"excerpt":{"rendered":"","protected":false},"featured_media":33770,"template":"","meta":{"_acf_changed":false,"inline_featured_image":false},"product_brand":[],"product_cat":[131],"product_tag":[],"class_list":{"0":"post-33771","1":"product","2":"type-product","3":"status-publish","4":"has-post-thumbnail","6":"product_cat-kastrulid-ja-kausid","7":"pa_kaubamark-nikken","9":"first","10":"outofstock","11":"shipping-taxable","12":"purchasable","13":"product-type-simple"},"acf":[],"_links":{"self":[{"href":"https:\/\/farwell.ee\/ru\/wp-json\/wp\/v2\/product\/33771","targetHints":{"allow":["GET"]}}],"collection":[{"href":"https:\/\/farwell.ee\/ru\/wp-json\/wp\/v2\/product"}],"about":[{"href":"https:\/\/farwell.ee\/ru\/wp-json\/wp\/v2\/types\/product"}],"wp:featuredmedia":[{"embeddable":true,"href":"https:\/\/farwell.ee\/ru\/wp-json\/wp\/v2\/media\/33770"}],"wp:attachment":[{"href":"https:\/\/farwell.ee\/ru\/wp-json\/wp\/v2\/media?parent=33771"}],"wp:term":[{"taxonomy":"product_brand","embeddable":true,"href":"https:\/\/farwell.ee\/ru\/wp-json\/wp\/v2\/product_brand?post=33771"},{"taxonomy":"product_cat","embeddable":true,"href":"https:\/\/farwell.ee\/ru\/wp-json\/wp\/v2\/product_cat?post=33771"},{"taxonomy":"product_tag","embeddable":true,"href":"https:\/\/farwell.ee\/ru\/wp-json\/wp\/v2\/product_tag?post=33771"}],"curies":[{"name":"wp","href":"https:\/\/api.w.org\/{rel}","templated":true}]}}