{"id":33538,"date":"2025-04-23T08:15:03","date_gmt":"2025-04-23T05:15:03","guid":{"rendered":"https:\/\/farwell.ee\/toode\/saumikseri-komplekt-vispliotsakuga-ja-seinahoidikuga-voimsus-350w\/"},"modified":"2026-04-14T19:45:12","modified_gmt":"2026-04-14T16:45:12","slug":"saumikseri-komplekt-vispliotsakuga-ja-seinahoidikuga-voimsus-350w","status":"publish","type":"product","link":"https:\/\/farwell.ee\/ru\/product\/saumikseri-komplekt-vispliotsakuga-ja-seinahoidikuga-voimsus-350w\/","title":{"rendered":"Saumikseri komplekt vispliotsakuga ja seinahoidikuga, v\u00f5imsus 350W"},"content":{"rendered":"","protected":false},"excerpt":{"rendered":"<p>Komplektis sisaldub reguleeritava kiirusega saumikser 400mm segamisvarrega + 250mm vispliotsak + seinale paigaldatav hoidik.<br \/>\nAjami korpus on valmistatud vastupidavast mustast klaaskiuga tugevdatud pol\u00fcamiidist.<br \/>\nEemaldatav tera on valmistatud roostevabast terasest AISI304.<br \/>\nKomplekti kuulub v\u00e4ike komplekt tera lahtiv\u00f5tmiseks.<br \/>\nReguleeritav kiirus, mis on sujuvalt reguleeritav nupuga: 4000 kuni 16000 RPM.<br \/>\nVentileeritud mootor.<br \/>\nOhutusnupp takistab seadme juhuslikku k\u00e4ivitamist.<br \/>\nLukustusnupp v\u00f5imaldab pidevat t\u00f6\u00f6d ilma nuppu vajutamata. .<br \/>\nSobilik mahtudele kuni 80 L.<br \/>\nErineva pikkusega segamisvarsi saab tellida eraldi: 222232, 22225, 222256, 222263.<\/p>","protected":false},"featured_media":33543,"template":"","meta":{"_acf_changed":false,"inline_featured_image":false},"product_brand":[],"product_cat":[5586],"product_tag":[],"class_list":{"0":"post-33538","1":"product","2":"type-product","3":"status-publish","4":"has-post-thumbnail","6":"product_cat-saumikserid","7":"pa_kaubamark-hendi","9":"first","10":"outofstock","11":"shipping-taxable","12":"purchasable","13":"product-type-simple"},"acf":[],"_links":{"self":[{"href":"https:\/\/farwell.ee\/ru\/wp-json\/wp\/v2\/product\/33538","targetHints":{"allow":["GET"]}}],"collection":[{"href":"https:\/\/farwell.ee\/ru\/wp-json\/wp\/v2\/product"}],"about":[{"href":"https:\/\/farwell.ee\/ru\/wp-json\/wp\/v2\/types\/product"}],"wp:featuredmedia":[{"embeddable":true,"href":"https:\/\/farwell.ee\/ru\/wp-json\/wp\/v2\/media\/33543"}],"wp:attachment":[{"href":"https:\/\/farwell.ee\/ru\/wp-json\/wp\/v2\/media?parent=33538"}],"wp:term":[{"taxonomy":"product_brand","embeddable":true,"href":"https:\/\/farwell.ee\/ru\/wp-json\/wp\/v2\/product_brand?post=33538"},{"taxonomy":"product_cat","embeddable":true,"href":"https:\/\/farwell.ee\/ru\/wp-json\/wp\/v2\/product_cat?post=33538"},{"taxonomy":"product_tag","embeddable":true,"href":"https:\/\/farwell.ee\/ru\/wp-json\/wp\/v2\/product_tag?post=33538"}],"curies":[{"name":"wp","href":"https:\/\/api.w.org\/{rel}","templated":true}]}}