{"id":33531,"date":"2025-04-22T10:15:04","date_gmt":"2025-04-22T07:15:04","guid":{"rendered":"https:\/\/farwell.ee\/toode\/jaapurustaja-80w-elektriline-4ice\/"},"modified":"2026-02-19T11:00:05","modified_gmt":"2026-02-19T09:00:05","slug":"jaapurustaja-80w-elektriline-4ice","status":"publish","type":"product","link":"https:\/\/farwell.ee\/ru\/product\/jaapurustaja-80w-elektriline-4ice\/","title":{"rendered":"J\u00e4\u00e4purustaja 80W elektriline 4ICE+"},"content":{"rendered":"","protected":false},"excerpt":{"rendered":"<div class=\"n4sEPd\">\n<div class=\"QFw9Te BLojaf\">\n<div id=\"ow10\"><span class=\"jCAhz\" style=\"font-size: 1rem\"><span class=\"ryNqvb\">Purustatud j\u00e4\u00e4 s\u00e4ilitusmaht 1,75 kg ehk 3,5L.<br \/>\nLehtri l\u00e4bim\u00f5\u00f5t<\/span><\/span><span class=\"jCAhz ChMk0b\" style=\"font-size: 1rem\"><span class=\"ryNqvb\"> \u00fclevalt: 140 mm<\/span><\/span><span class=\"jCAhz ChMk0b\" style=\"font-size: 1rem\"><span class=\"ryNqvb\"><br \/>\nT\u00e4iteava m\u00f5\u00f5dud: 40 x 60 mm<\/span><\/span><span class=\"jCAhz\" style=\"font-size: 1rem\"><span class=\"ryNqvb\"><br \/>\n<\/span><\/span><span class=\"jCAhz ChMk0b\" style=\"font-size: 1rem\"><span class=\"ryNqvb\">Tootlikkus max.<\/span><\/span> <span class=\"jCAhz\" style=\"font-size: 1rem\"><span class=\"ryNqvb\">15 kg \/ h<\/span><\/span><span class=\"jCAhz ChMk0b\" style=\"font-size: 1rem\"><span class=\"ryNqvb\"><br \/>\nKaitseklass IPX3<\/span><\/span><span class=\"jCAhz\" style=\"font-size: 1rem\"><span class=\"ryNqvb\"><br \/>\n2 ohutusl\u00fclitit.<br \/>\n<\/span><\/span><span class=\"jCAhz\" style=\"font-size: 1rem\"><span class=\"ryNqvb\">Kogumisalus eemaldatav.<br \/>\n<\/span><\/span><span class=\"jCAhz\" style=\"font-size: 1rem\"><span class=\"ryNqvb\">4 reguleeritavat jalga imipatjadega.<br \/>\n<\/span><\/span><span class=\"jCAhz\" style=\"font-size: 1rem\"><span class=\"ryNqvb\">ON\/OFF l\u00fcliti.<br \/>\n<\/span><\/span><span class=\"jCAhz\" style=\"font-size: 1rem\"><span class=\"ryNqvb\">V\u00f5imsus 80 W<\/span><\/span><span class=\"jCAhz\" style=\"font-size: 1rem\"><span class=\"ryNqvb\"><br \/>\nPinge 230 V,<\/span><\/span><span class=\"jCAhz\" style=\"font-size: 1rem\"><span class=\"ryNqvb\"> sagedus 50 Hz.<br \/>\n<\/span><\/span><\/div>\n<\/div>\n<\/div>","protected":false},"featured_media":33530,"template":"","meta":{"_acf_changed":false,"inline_featured_image":false},"product_brand":[],"product_cat":[5776],"product_tag":[],"class_list":{"0":"post-33531","1":"product","2":"type-product","3":"status-publish","4":"has-post-thumbnail","6":"product_cat-muud-vaikeseadmed","7":"pa_kaubamark-bartscher","9":"first","10":"instock","11":"shipping-taxable","12":"purchasable","13":"product-type-simple"},"acf":[],"_links":{"self":[{"href":"https:\/\/farwell.ee\/ru\/wp-json\/wp\/v2\/product\/33531","targetHints":{"allow":["GET"]}}],"collection":[{"href":"https:\/\/farwell.ee\/ru\/wp-json\/wp\/v2\/product"}],"about":[{"href":"https:\/\/farwell.ee\/ru\/wp-json\/wp\/v2\/types\/product"}],"wp:featuredmedia":[{"embeddable":true,"href":"https:\/\/farwell.ee\/ru\/wp-json\/wp\/v2\/media\/33530"}],"wp:attachment":[{"href":"https:\/\/farwell.ee\/ru\/wp-json\/wp\/v2\/media?parent=33531"}],"wp:term":[{"taxonomy":"product_brand","embeddable":true,"href":"https:\/\/farwell.ee\/ru\/wp-json\/wp\/v2\/product_brand?post=33531"},{"taxonomy":"product_cat","embeddable":true,"href":"https:\/\/farwell.ee\/ru\/wp-json\/wp\/v2\/product_cat?post=33531"},{"taxonomy":"product_tag","embeddable":true,"href":"https:\/\/farwell.ee\/ru\/wp-json\/wp\/v2\/product_tag?post=33531"}],"curies":[{"name":"wp","href":"https:\/\/api.w.org\/{rel}","templated":true}]}}