{"id":33488,"date":"2025-04-21T10:00:03","date_gmt":"2025-04-21T07:00:03","guid":{"rendered":"https:\/\/farwell.ee\/toode\/taldrik-165cm-compass\/"},"modified":"2025-07-01T09:15:05","modified_gmt":"2025-07-01T06:15:05","slug":"taldrik-165cm-compass","status":"publish","type":"product","link":"https:\/\/farwell.ee\/ru\/product\/taldrik-165cm-compass\/","title":{"rendered":"Taldrik 16,5cm Compass &#8211; L\u00d5PUM\u00dc\u00dcK"},"content":{"rendered":"","protected":false},"excerpt":{"rendered":"","protected":false},"featured_media":33487,"template":"","meta":{"_acf_changed":false,"inline_featured_image":false},"product_brand":[],"product_cat":[5381,176],"product_tag":[],"class_list":{"0":"post-33488","1":"product","2":"type-product","3":"status-publish","4":"has-post-thumbnail","6":"product_cat-lauanoud-outlet","7":"product_cat-taldrikud","8":"pa_kaubamark-st-james","10":"first","11":"instock","12":"sale","13":"shipping-taxable","14":"purchasable","15":"product-type-simple"},"acf":[],"_links":{"self":[{"href":"https:\/\/farwell.ee\/ru\/wp-json\/wp\/v2\/product\/33488","targetHints":{"allow":["GET"]}}],"collection":[{"href":"https:\/\/farwell.ee\/ru\/wp-json\/wp\/v2\/product"}],"about":[{"href":"https:\/\/farwell.ee\/ru\/wp-json\/wp\/v2\/types\/product"}],"wp:featuredmedia":[{"embeddable":true,"href":"https:\/\/farwell.ee\/ru\/wp-json\/wp\/v2\/media\/33487"}],"wp:attachment":[{"href":"https:\/\/farwell.ee\/ru\/wp-json\/wp\/v2\/media?parent=33488"}],"wp:term":[{"taxonomy":"product_brand","embeddable":true,"href":"https:\/\/farwell.ee\/ru\/wp-json\/wp\/v2\/product_brand?post=33488"},{"taxonomy":"product_cat","embeddable":true,"href":"https:\/\/farwell.ee\/ru\/wp-json\/wp\/v2\/product_cat?post=33488"},{"taxonomy":"product_tag","embeddable":true,"href":"https:\/\/farwell.ee\/ru\/wp-json\/wp\/v2\/product_tag?post=33488"}],"curies":[{"name":"wp","href":"https:\/\/api.w.org\/{rel}","templated":true}]}}