{"id":33393,"date":"2025-04-14T11:00:04","date_gmt":"2025-04-14T08:00:04","guid":{"rendered":"https:\/\/farwell.ee\/toode\/jaatisenou-kitchen-aid-483l-mikserile\/"},"modified":"2025-10-02T12:00:04","modified_gmt":"2025-10-02T09:00:04","slug":"jaatisenou-kitchen-aid-483l-mikserile","status":"publish","type":"product","link":"https:\/\/farwell.ee\/ru\/product\/jaatisenou-kitchen-aid-483l-mikserile\/","title":{"rendered":"J\u00e4\u00e4tisen\u00f5u Kitchen Aid 4,83L mikserile"},"content":{"rendered":"","protected":false},"excerpt":{"rendered":"","protected":false},"featured_media":33392,"template":"","meta":{"_acf_changed":false,"inline_featured_image":false},"product_brand":[],"product_cat":[6388],"product_tag":[],"class_list":{"0":"post-33393","1":"product","2":"type-product","3":"status-publish","4":"has-post-thumbnail","6":"product_cat-mikserid","7":"pa_kaubamark-kitchenaid","9":"first","10":"instock","11":"shipping-taxable","12":"purchasable","13":"product-type-simple"},"acf":[],"_links":{"self":[{"href":"https:\/\/farwell.ee\/ru\/wp-json\/wp\/v2\/product\/33393","targetHints":{"allow":["GET"]}}],"collection":[{"href":"https:\/\/farwell.ee\/ru\/wp-json\/wp\/v2\/product"}],"about":[{"href":"https:\/\/farwell.ee\/ru\/wp-json\/wp\/v2\/types\/product"}],"wp:featuredmedia":[{"embeddable":true,"href":"https:\/\/farwell.ee\/ru\/wp-json\/wp\/v2\/media\/33392"}],"wp:attachment":[{"href":"https:\/\/farwell.ee\/ru\/wp-json\/wp\/v2\/media?parent=33393"}],"wp:term":[{"taxonomy":"product_brand","embeddable":true,"href":"https:\/\/farwell.ee\/ru\/wp-json\/wp\/v2\/product_brand?post=33393"},{"taxonomy":"product_cat","embeddable":true,"href":"https:\/\/farwell.ee\/ru\/wp-json\/wp\/v2\/product_cat?post=33393"},{"taxonomy":"product_tag","embeddable":true,"href":"https:\/\/farwell.ee\/ru\/wp-json\/wp\/v2\/product_tag?post=33393"}],"curies":[{"name":"wp","href":"https:\/\/api.w.org\/{rel}","templated":true}]}}