{"id":33301,"date":"2025-04-09T16:00:04","date_gmt":"2025-04-09T13:00:04","guid":{"rendered":"https:\/\/farwell.ee\/toode\/kandik-gn-1-2-helehall\/"},"modified":"2026-01-09T11:00:08","modified_gmt":"2026-01-09T09:00:08","slug":"kandik-gn-1-2-helehall","status":"publish","type":"product","link":"https:\/\/farwell.ee\/ru\/product\/kandik-gn-1-2-helehall\/","title":{"rendered":"Kandik GN 1\/2 helehall"},"content":{"rendered":"","protected":false},"excerpt":{"rendered":"<p>Valmistatud pol\u00fcesterlaminaadist (klaaskuid ja vaik).<br \/>\nGraniidi v\u00e4rv ja muster.<br \/>\nLameda servaprofiiliga &#8211; sobib ideaalselt siinidel kasutamiseks.<br \/>\nLadustatav, kandikute vahele j\u00e4\u00e4b \u00f5huvahe (kiiremaks kuivamiseks).<br \/>\nTemperatuuritaluvus:\u00a0 -10\u00b0C kuni + 120\u00b0C.<br \/>\nMasinpestav.<\/p>","protected":false},"featured_media":33300,"template":"","meta":{"_acf_changed":false,"inline_featured_image":false},"product_brand":[],"product_cat":[127],"product_tag":[],"class_list":{"0":"post-33301","1":"product","2":"type-product","3":"status-publish","4":"has-post-thumbnail","6":"product_cat-kandikud","7":"pa_kaubamark-hendi","9":"first","10":"outofstock","11":"shipping-taxable","12":"purchasable","13":"product-type-simple"},"acf":[],"_links":{"self":[{"href":"https:\/\/farwell.ee\/ru\/wp-json\/wp\/v2\/product\/33301","targetHints":{"allow":["GET"]}}],"collection":[{"href":"https:\/\/farwell.ee\/ru\/wp-json\/wp\/v2\/product"}],"about":[{"href":"https:\/\/farwell.ee\/ru\/wp-json\/wp\/v2\/types\/product"}],"wp:featuredmedia":[{"embeddable":true,"href":"https:\/\/farwell.ee\/ru\/wp-json\/wp\/v2\/media\/33300"}],"wp:attachment":[{"href":"https:\/\/farwell.ee\/ru\/wp-json\/wp\/v2\/media?parent=33301"}],"wp:term":[{"taxonomy":"product_brand","embeddable":true,"href":"https:\/\/farwell.ee\/ru\/wp-json\/wp\/v2\/product_brand?post=33301"},{"taxonomy":"product_cat","embeddable":true,"href":"https:\/\/farwell.ee\/ru\/wp-json\/wp\/v2\/product_cat?post=33301"},{"taxonomy":"product_tag","embeddable":true,"href":"https:\/\/farwell.ee\/ru\/wp-json\/wp\/v2\/product_tag?post=33301"}],"curies":[{"name":"wp","href":"https:\/\/api.w.org\/{rel}","templated":true}]}}