{"id":33224,"date":"2025-04-04T14:15:04","date_gmt":"2025-04-04T11:15:04","guid":{"rendered":"https:\/\/farwell.ee\/toode\/termokast-gn-1-1-14cm-pealtlaetav-maht-26l\/"},"modified":"2026-01-16T12:30:08","modified_gmt":"2026-01-16T10:30:08","slug":"termokast-gn-1-1-14cm-pealtlaetav-maht-26l","status":"publish","type":"product","link":"https:\/\/farwell.ee\/ru\/product\/termokast-gn-1-1-14cm-pealtlaetav-maht-26l\/","title":{"rendered":"Termokast Gn 1\/1 14cm pealtlaetav, maht 26L"},"content":{"rendered":"","protected":false},"excerpt":{"rendered":"<p>EPP-vahtplastist.<br \/>\nV\u00e4lism\u00f5\u00f5dud 600x400x207mm.<br \/>\nSisem\u00f5\u00f5dud 538x338x145mm.<br \/>\nMahutavus 1 x GN 1\/1-100.<br \/>\nMaht 26L.<br \/>\nKaal 0,91kg.<br \/>\nTemperatuuritaluvus -40\u00b0 kuni +120\u00b0 C.<br \/>\nN\u00f5udepesumasinas pestav.<br \/>\nHea soojusisolatsioon.<br \/>\nTaaskasutatav materjal.<br \/>\nLisavarustuses saadaval sooja-, k\u00fclma- ja isoleerplaadid, trasnspordialus ja markeerimissildid.<\/p>","protected":false},"featured_media":33223,"template":"","meta":{"_acf_changed":false,"inline_featured_image":false},"product_brand":[],"product_cat":[5554],"product_tag":[],"class_list":{"0":"post-33224","1":"product","2":"type-product","3":"status-publish","4":"has-post-thumbnail","6":"product_cat-termokastid-ja-termokapid","7":"pa_kaubamark-cambro","9":"first","10":"outofstock","11":"shipping-taxable","12":"purchasable","13":"product-type-simple"},"acf":[],"_links":{"self":[{"href":"https:\/\/farwell.ee\/ru\/wp-json\/wp\/v2\/product\/33224","targetHints":{"allow":["GET"]}}],"collection":[{"href":"https:\/\/farwell.ee\/ru\/wp-json\/wp\/v2\/product"}],"about":[{"href":"https:\/\/farwell.ee\/ru\/wp-json\/wp\/v2\/types\/product"}],"wp:featuredmedia":[{"embeddable":true,"href":"https:\/\/farwell.ee\/ru\/wp-json\/wp\/v2\/media\/33223"}],"wp:attachment":[{"href":"https:\/\/farwell.ee\/ru\/wp-json\/wp\/v2\/media?parent=33224"}],"wp:term":[{"taxonomy":"product_brand","embeddable":true,"href":"https:\/\/farwell.ee\/ru\/wp-json\/wp\/v2\/product_brand?post=33224"},{"taxonomy":"product_cat","embeddable":true,"href":"https:\/\/farwell.ee\/ru\/wp-json\/wp\/v2\/product_cat?post=33224"},{"taxonomy":"product_tag","embeddable":true,"href":"https:\/\/farwell.ee\/ru\/wp-json\/wp\/v2\/product_tag?post=33224"}],"curies":[{"name":"wp","href":"https:\/\/api.w.org\/{rel}","templated":true}]}}