{"id":33133,"date":"2025-03-28T14:45:04","date_gmt":"2025-03-28T12:45:04","guid":{"rendered":"https:\/\/farwell.ee\/toode\/pann-26cm-r-v-non-stick-sisekate-excalibur\/"},"modified":"2026-03-24T15:25:23","modified_gmt":"2026-03-24T13:25:23","slug":"pann-26cm-r-v-non-stick-sisekate-excalibur","status":"publish","type":"product","link":"https:\/\/farwell.ee\/ru\/product\/pann-26cm-r-v-non-stick-sisekate-excalibur\/","title":{"rendered":"Pann 26cm kaaneta r\/v non-stick sisekate Excalibur"},"content":{"rendered":"","protected":false},"excerpt":{"rendered":"<p>Roostevabast korpus ja mittenakkuv Excalibur sisekate.<br \/>\nSobib k\u00f5ikidele pliidit\u00fc\u00fcpidele , k.a. induktsioonile.<\/p>","protected":false},"featured_media":33152,"template":"","meta":{"_acf_changed":false,"inline_featured_image":false},"product_brand":[],"product_cat":[152],"product_tag":[6143,6145],"class_list":{"0":"post-33133","1":"product","2":"type-product","3":"status-publish","4":"has-post-thumbnail","6":"product_cat-pannid","7":"product_tag-praadimispann","8":"product_tag-praepann","9":"pa_kaubamark-pujadas","11":"first","12":"instock","13":"shipping-taxable","14":"purchasable","15":"product-type-simple"},"acf":[],"_links":{"self":[{"href":"https:\/\/farwell.ee\/ru\/wp-json\/wp\/v2\/product\/33133","targetHints":{"allow":["GET"]}}],"collection":[{"href":"https:\/\/farwell.ee\/ru\/wp-json\/wp\/v2\/product"}],"about":[{"href":"https:\/\/farwell.ee\/ru\/wp-json\/wp\/v2\/types\/product"}],"wp:featuredmedia":[{"embeddable":true,"href":"https:\/\/farwell.ee\/ru\/wp-json\/wp\/v2\/media\/33152"}],"wp:attachment":[{"href":"https:\/\/farwell.ee\/ru\/wp-json\/wp\/v2\/media?parent=33133"}],"wp:term":[{"taxonomy":"product_brand","embeddable":true,"href":"https:\/\/farwell.ee\/ru\/wp-json\/wp\/v2\/product_brand?post=33133"},{"taxonomy":"product_cat","embeddable":true,"href":"https:\/\/farwell.ee\/ru\/wp-json\/wp\/v2\/product_cat?post=33133"},{"taxonomy":"product_tag","embeddable":true,"href":"https:\/\/farwell.ee\/ru\/wp-json\/wp\/v2\/product_tag?post=33133"}],"curies":[{"name":"wp","href":"https:\/\/api.w.org\/{rel}","templated":true}]}}