{"id":32843,"date":"2025-03-18T15:00:03","date_gmt":"2025-03-18T13:00:03","guid":{"rendered":"https:\/\/farwell.ee\/toode\/kurnasoel-66x46x127cm-polukarbonaadist\/"},"modified":"2026-01-16T12:15:10","modified_gmt":"2026-01-16T10:15:10","slug":"kurnasoel-66x46x127cm-polukarbonaadist","status":"publish","type":"product","link":"https:\/\/farwell.ee\/ru\/product\/kurnasoel-66x46x127cm-polukarbonaadist\/","title":{"rendered":"Perforeeritud s\u00f5el 66x46x12,7cm pol\u00fckarbonaadist"},"content":{"rendered":"","protected":false},"excerpt":{"rendered":"<p>Sobib s\u00e4ilituskastidesse m\u00f5\u00f5tudega 66x46cm,\u00a0 koodidega 18269CW135 ja 182612CW135.<br \/>\nAukude l\u00e4bim\u00f5\u00f5t 9,5mm.<\/p>","protected":false},"featured_media":32842,"template":"","meta":{"_acf_changed":false,"inline_featured_image":false},"product_brand":[],"product_cat":[5674],"product_tag":[10904],"class_list":{"0":"post-32843","1":"product","2":"type-product","3":"status-publish","4":"has-post-thumbnail","6":"product_cat-sailitus-ja-transpordikastid","7":"product_tag-norutussoel","8":"pa_kaubamark-cambro","10":"first","11":"outofstock","12":"sale","13":"shipping-taxable","14":"purchasable","15":"product-type-simple"},"acf":[],"_links":{"self":[{"href":"https:\/\/farwell.ee\/ru\/wp-json\/wp\/v2\/product\/32843","targetHints":{"allow":["GET"]}}],"collection":[{"href":"https:\/\/farwell.ee\/ru\/wp-json\/wp\/v2\/product"}],"about":[{"href":"https:\/\/farwell.ee\/ru\/wp-json\/wp\/v2\/types\/product"}],"wp:featuredmedia":[{"embeddable":true,"href":"https:\/\/farwell.ee\/ru\/wp-json\/wp\/v2\/media\/32842"}],"wp:attachment":[{"href":"https:\/\/farwell.ee\/ru\/wp-json\/wp\/v2\/media?parent=32843"}],"wp:term":[{"taxonomy":"product_brand","embeddable":true,"href":"https:\/\/farwell.ee\/ru\/wp-json\/wp\/v2\/product_brand?post=32843"},{"taxonomy":"product_cat","embeddable":true,"href":"https:\/\/farwell.ee\/ru\/wp-json\/wp\/v2\/product_cat?post=32843"},{"taxonomy":"product_tag","embeddable":true,"href":"https:\/\/farwell.ee\/ru\/wp-json\/wp\/v2\/product_tag?post=32843"}],"curies":[{"name":"wp","href":"https:\/\/api.w.org\/{rel}","templated":true}]}}