{"id":32772,"date":"2025-03-12T14:30:04","date_gmt":"2025-03-12T12:30:04","guid":{"rendered":"https:\/\/farwell.ee\/toode\/induktsioonpliit-35kw-m-230v-keeduala-12-26cm\/"},"modified":"2026-03-25T11:45:04","modified_gmt":"2026-03-25T09:45:04","slug":"induktsioonpliit-35kw-m-230v-keeduala-12-26cm","status":"publish","type":"product","link":"https:\/\/farwell.ee\/ru\/product\/induktsioonpliit-35kw-m-230v-keeduala-12-26cm\/","title":{"rendered":"Induktsioonpliit 3,5kW M, 230V, keeduala 12-26cm"},"content":{"rendered":"","protected":false},"excerpt":{"rendered":"<p>\u2022 Sujuv v\u00f5imsuse reguleerimine.<br \/>\n\u2022 Ideaalne n\u00f5udele p\u00f5hjal\u00e4bim\u00f5\u00f5duga 12cm \u2013 26cm.<br \/>\n\u2022 Pliidiplaadi lubatud maksimaalne koormus: 20kg.<br \/>\n\u2022 Korpus roostevabast terasest.<br \/>\n\u2022 M\u00f5\u00f5dud: 329 x 435 x 106 mm.<br \/>\n\u2022 Elekter: 230 V \/ 1 faas \/ 3,5 kW<\/p>","protected":false},"featured_media":32771,"template":"","meta":{"_acf_changed":false,"inline_featured_image":false},"product_brand":[],"product_cat":[5587],"product_tag":[],"class_list":{"0":"post-32772","1":"product","2":"type-product","3":"status-publish","4":"has-post-thumbnail","6":"product_cat-induktsioonpliidid","7":"pa_kaubamark-hendi","9":"first","10":"outofstock","11":"shipping-taxable","12":"purchasable","13":"product-type-simple"},"acf":[],"_links":{"self":[{"href":"https:\/\/farwell.ee\/ru\/wp-json\/wp\/v2\/product\/32772","targetHints":{"allow":["GET"]}}],"collection":[{"href":"https:\/\/farwell.ee\/ru\/wp-json\/wp\/v2\/product"}],"about":[{"href":"https:\/\/farwell.ee\/ru\/wp-json\/wp\/v2\/types\/product"}],"wp:featuredmedia":[{"embeddable":true,"href":"https:\/\/farwell.ee\/ru\/wp-json\/wp\/v2\/media\/32771"}],"wp:attachment":[{"href":"https:\/\/farwell.ee\/ru\/wp-json\/wp\/v2\/media?parent=32772"}],"wp:term":[{"taxonomy":"product_brand","embeddable":true,"href":"https:\/\/farwell.ee\/ru\/wp-json\/wp\/v2\/product_brand?post=32772"},{"taxonomy":"product_cat","embeddable":true,"href":"https:\/\/farwell.ee\/ru\/wp-json\/wp\/v2\/product_cat?post=32772"},{"taxonomy":"product_tag","embeddable":true,"href":"https:\/\/farwell.ee\/ru\/wp-json\/wp\/v2\/product_tag?post=32772"}],"curies":[{"name":"wp","href":"https:\/\/api.w.org\/{rel}","templated":true}]}}