{"id":32604,"date":"2025-03-04T15:15:04","date_gmt":"2025-03-04T13:15:04","guid":{"rendered":"https:\/\/farwell.ee\/toode\/cannoli-vorm-e-silindertoru-10-25mm-x-139mm-10tk-pk\/"},"modified":"2026-03-12T09:15:04","modified_gmt":"2026-03-12T07:15:04","slug":"cannoli-vorm-e-silindertoru-10-25mm-x-139mm-10tk-pk","status":"publish","type":"product","link":"https:\/\/farwell.ee\/ru\/product\/cannoli-vorm-e-silindertoru-10-25mm-x-139mm-10tk-pk\/","title":{"rendered":"Cannoli vorm e. silindertoru 10-25mm x 139mm  10tk\/pk"},"content":{"rendered":"","protected":false},"excerpt":{"rendered":"<p>Lahtil\u00f5igatud toru, l\u00e4bim\u00f5\u00f5t reguleeritav.<br \/>\nL\u00e4bim\u00f5\u00f5t 10-25mm,\u00a0 pikkus 139mm.<\/p>","protected":false},"featured_media":32603,"template":"","meta":{"_acf_changed":false,"inline_featured_image":false},"product_brand":[],"product_cat":[135],"product_tag":[10782,10783],"class_list":{"0":"post-32604","1":"product","2":"type-product","3":"status-publish","4":"has-post-thumbnail","6":"product_cat-kondiitrikotid-ja-tulliotsikud","7":"product_tag-kreemirulli-toru","8":"product_tag-kreemirulli-vorm","9":"pa_kaubamark-paderno","11":"first","12":"outofstock","13":"shipping-taxable","14":"purchasable","15":"product-type-simple"},"acf":[],"_links":{"self":[{"href":"https:\/\/farwell.ee\/ru\/wp-json\/wp\/v2\/product\/32604","targetHints":{"allow":["GET"]}}],"collection":[{"href":"https:\/\/farwell.ee\/ru\/wp-json\/wp\/v2\/product"}],"about":[{"href":"https:\/\/farwell.ee\/ru\/wp-json\/wp\/v2\/types\/product"}],"wp:featuredmedia":[{"embeddable":true,"href":"https:\/\/farwell.ee\/ru\/wp-json\/wp\/v2\/media\/32603"}],"wp:attachment":[{"href":"https:\/\/farwell.ee\/ru\/wp-json\/wp\/v2\/media?parent=32604"}],"wp:term":[{"taxonomy":"product_brand","embeddable":true,"href":"https:\/\/farwell.ee\/ru\/wp-json\/wp\/v2\/product_brand?post=32604"},{"taxonomy":"product_cat","embeddable":true,"href":"https:\/\/farwell.ee\/ru\/wp-json\/wp\/v2\/product_cat?post=32604"},{"taxonomy":"product_tag","embeddable":true,"href":"https:\/\/farwell.ee\/ru\/wp-json\/wp\/v2\/product_tag?post=32604"}],"curies":[{"name":"wp","href":"https:\/\/api.w.org\/{rel}","templated":true}]}}