{"id":32532,"date":"2025-03-03T09:15:07","date_gmt":"2025-03-03T07:15:07","guid":{"rendered":"https:\/\/farwell.ee\/toode\/koogiviljanuga-10cm-susinikterasest\/"},"modified":"2026-02-13T15:30:06","modified_gmt":"2026-02-13T13:30:06","slug":"koogiviljanuga-10cm-susinikterasest","status":"publish","type":"product","link":"https:\/\/farwell.ee\/ru\/product\/koogiviljanuga-10cm-susinikterasest\/","title":{"rendered":"K\u00f6\u00f6giviljanuga 10cm s\u00fcsinikterasest"},"content":{"rendered":"","protected":false},"excerpt":{"rendered":"<p>52100 s\u00fcsinikteras on k\u00f5rge s\u00fcsinikusisaldusega kroomitud teras, mis on tuntud oma erakordse k\u00f5vaduse, kulumiskindluse ja l\u00f5iketera taastamise poolest.<br \/>\nOks\u00fcdeeritud tera ehk must paatina pinnakate annab terale teatud roostekindluse.<br \/>\nTera k\u00f5vadus Rockwelli skaalas HRC62 +\/-2<br \/>\nTeritusnurk on 10 kraadi.<br \/>\nK\u00e4epide on valmistatud stabiliseeritud karjala kasest.<br \/>\nMasinpesu ei ole lubatud !<br \/>\nPeske nuga k\u00e4sitsi ja kuivatage koheselt.<br \/>\nKui nuga j\u00e4\u00e4b pikemaks ajaks seisma, siis on soovitatav tera m\u00e4\u00e4rida mineraal\u00f5liga e. tsubaki \u00f5liga.<br \/>\nTera kaitsmiseks on soovitatav kasutada puidust terakaitset.<br \/>\nSobilik terakaitse on koodiga 11085.<\/p>\n<p><a href=\"https:\/\/farwell.ee\/ru\/blog\/kas-ja-miks-valida-susinikterasest-kokanuga\/\">Tutvu ka s\u00fcsinikterasest kokanugade blogiga<\/a><\/p>","protected":false},"featured_media":32544,"template":"","meta":{"_acf_changed":false,"inline_featured_image":false},"product_brand":[],"product_cat":[140],"product_tag":[],"class_list":{"0":"post-32532","1":"product","2":"type-product","3":"status-publish","4":"has-post-thumbnail","6":"product_cat-kooginoad","7":"pa_kaubamark-utsetcomas","9":"first","10":"outofstock","11":"shipping-taxable","12":"purchasable","13":"product-type-simple"},"acf":[],"_links":{"self":[{"href":"https:\/\/farwell.ee\/ru\/wp-json\/wp\/v2\/product\/32532","targetHints":{"allow":["GET"]}}],"collection":[{"href":"https:\/\/farwell.ee\/ru\/wp-json\/wp\/v2\/product"}],"about":[{"href":"https:\/\/farwell.ee\/ru\/wp-json\/wp\/v2\/types\/product"}],"wp:featuredmedia":[{"embeddable":true,"href":"https:\/\/farwell.ee\/ru\/wp-json\/wp\/v2\/media\/32544"}],"wp:attachment":[{"href":"https:\/\/farwell.ee\/ru\/wp-json\/wp\/v2\/media?parent=32532"}],"wp:term":[{"taxonomy":"product_brand","embeddable":true,"href":"https:\/\/farwell.ee\/ru\/wp-json\/wp\/v2\/product_brand?post=32532"},{"taxonomy":"product_cat","embeddable":true,"href":"https:\/\/farwell.ee\/ru\/wp-json\/wp\/v2\/product_cat?post=32532"},{"taxonomy":"product_tag","embeddable":true,"href":"https:\/\/farwell.ee\/ru\/wp-json\/wp\/v2\/product_tag?post=32532"}],"curies":[{"name":"wp","href":"https:\/\/api.w.org\/{rel}","templated":true}]}}