{"id":32350,"date":"2025-02-19T15:00:04","date_gmt":"2025-02-19T13:00:04","guid":{"rendered":"https:\/\/farwell.ee\/toode\/sailitusnou-19l-nelinurkne-polupropuleen185x185x10cm-cambro\/"},"modified":"2026-03-04T09:30:04","modified_gmt":"2026-03-04T07:30:04","slug":"sailitusnou-19l-nelinurkne-polupropuleen185x185x10cm-cambro","status":"publish","type":"product","link":"https:\/\/farwell.ee\/ru\/product\/sailitusnou-19l-nelinurkne-polupropuleen185x185x10cm-cambro\/","title":{"rendered":"S\u00e4ilitusn\u00f5u 1,9L nelinurkne pol\u00fcprop\u00fcleen,18,5&#215;18,5x10cm Cambro"},"content":{"rendered":"","protected":false},"excerpt":{"rendered":"","protected":false},"featured_media":32349,"template":"","meta":{"_acf_changed":false,"inline_featured_image":false},"product_brand":[],"product_cat":[5674],"product_tag":[],"class_list":{"0":"post-32350","1":"product","2":"type-product","3":"status-publish","4":"has-post-thumbnail","6":"product_cat-sailitus-ja-transpordikastid","7":"pa_kaubamark-cambro","9":"first","10":"outofstock","11":"sale","12":"shipping-taxable","13":"purchasable","14":"product-type-simple"},"acf":[],"_links":{"self":[{"href":"https:\/\/farwell.ee\/ru\/wp-json\/wp\/v2\/product\/32350","targetHints":{"allow":["GET"]}}],"collection":[{"href":"https:\/\/farwell.ee\/ru\/wp-json\/wp\/v2\/product"}],"about":[{"href":"https:\/\/farwell.ee\/ru\/wp-json\/wp\/v2\/types\/product"}],"wp:featuredmedia":[{"embeddable":true,"href":"https:\/\/farwell.ee\/ru\/wp-json\/wp\/v2\/media\/32349"}],"wp:attachment":[{"href":"https:\/\/farwell.ee\/ru\/wp-json\/wp\/v2\/media?parent=32350"}],"wp:term":[{"taxonomy":"product_brand","embeddable":true,"href":"https:\/\/farwell.ee\/ru\/wp-json\/wp\/v2\/product_brand?post=32350"},{"taxonomy":"product_cat","embeddable":true,"href":"https:\/\/farwell.ee\/ru\/wp-json\/wp\/v2\/product_cat?post=32350"},{"taxonomy":"product_tag","embeddable":true,"href":"https:\/\/farwell.ee\/ru\/wp-json\/wp\/v2\/product_tag?post=32350"}],"curies":[{"name":"wp","href":"https:\/\/api.w.org\/{rel}","templated":true}]}}