{"id":32328,"date":"2025-02-18T10:30:03","date_gmt":"2025-02-18T08:30:03","guid":{"rendered":"https:\/\/farwell.ee\/toode\/moodukann-300ml-mahumargistusega\/"},"modified":"2026-03-17T13:15:04","modified_gmt":"2026-03-17T11:15:04","slug":"moodukann-300ml-mahumargistusega","status":"publish","type":"product","link":"https:\/\/farwell.ee\/ru\/product\/moodukann-300ml-mahumargistusega\/","title":{"rendered":"M\u00f5\u00f5dukann 300ml mahum\u00e4rgistusega"},"content":{"rendered":"","protected":false},"excerpt":{"rendered":"<p>BPA vaba plastik.<br \/>\nToode on valmistatud 20% biop\u00f5hisest plastist.<br \/>\nMasinpesu lubatud.<\/p>","protected":false},"featured_media":32327,"template":"","meta":{"_acf_changed":false,"inline_featured_image":false},"product_brand":[],"product_cat":[150],"product_tag":[10650,10651,10652,10653],"class_list":{"0":"post-32328","1":"product","2":"type-product","3":"status-publish","4":"has-post-thumbnail","6":"product_cat-moodukannud-lehtrid-ja-ambrid","7":"product_tag-moodunou","8":"product_tag-moodutopsik","9":"product_tag-mootenou","10":"product_tag-mootetopsik","11":"pa_kaubamark-orthex","13":"first","14":"instock","15":"shipping-taxable","16":"purchasable","17":"product-type-simple"},"acf":[],"_links":{"self":[{"href":"https:\/\/farwell.ee\/ru\/wp-json\/wp\/v2\/product\/32328","targetHints":{"allow":["GET"]}}],"collection":[{"href":"https:\/\/farwell.ee\/ru\/wp-json\/wp\/v2\/product"}],"about":[{"href":"https:\/\/farwell.ee\/ru\/wp-json\/wp\/v2\/types\/product"}],"wp:featuredmedia":[{"embeddable":true,"href":"https:\/\/farwell.ee\/ru\/wp-json\/wp\/v2\/media\/32327"}],"wp:attachment":[{"href":"https:\/\/farwell.ee\/ru\/wp-json\/wp\/v2\/media?parent=32328"}],"wp:term":[{"taxonomy":"product_brand","embeddable":true,"href":"https:\/\/farwell.ee\/ru\/wp-json\/wp\/v2\/product_brand?post=32328"},{"taxonomy":"product_cat","embeddable":true,"href":"https:\/\/farwell.ee\/ru\/wp-json\/wp\/v2\/product_cat?post=32328"},{"taxonomy":"product_tag","embeddable":true,"href":"https:\/\/farwell.ee\/ru\/wp-json\/wp\/v2\/product_tag?post=32328"}],"curies":[{"name":"wp","href":"https:\/\/api.w.org\/{rel}","templated":true}]}}