{"id":32144,"date":"2025-02-05T13:15:03","date_gmt":"2025-02-05T11:15:03","guid":{"rendered":"https:\/\/farwell.ee\/toode\/supimarmiit-38l-klaaskaanega-voimsus-500w\/"},"modified":"2026-02-27T14:45:05","modified_gmt":"2026-02-27T12:45:05","slug":"supimarmiit-38l-klaaskaanega-voimsus-500w","status":"publish","type":"product","link":"https:\/\/farwell.ee\/ru\/product\/supimarmiit-38l-klaaskaanega-voimsus-500w\/","title":{"rendered":"Supimarmiit 3,8L klaaskaanega, v\u00f5imsus 500W"},"content":{"rendered":"","protected":false},"excerpt":{"rendered":"<p>Pinge: 230 V<br \/>\nSagedus: 50 Hz<br \/>\nToidun\u00f5u l\u00e4bim\u00f5\u00f5t: 300mm<br \/>\nK\u00fctte t\u00fc\u00fcp: elektriline<br \/>\nV\u00e4rv: h\u00f5bedane<br \/>\nMaterjal: kroom-nikkelteras<br \/>\nJuhtseade: elektrooniline, l\u00fcliti<br \/>\nV\u00f5imsus: 0,5 kW<br \/>\nTemperatuuri reguleerimine: 8 taset, termostaat<br \/>\nSobib p\u00fcsivaks kaubanduslikuks kasutamiseks: Jah<br \/>\nKaane omadused: L\u00e4bipaistev<br \/>\nMaterjali kaas: klaas<br \/>\nMaht: 3,8 liitrit<\/p>","protected":false},"featured_media":36102,"template":"","meta":{"_acf_changed":false,"inline_featured_image":false},"product_brand":[],"product_cat":[5704,5589],"product_tag":[6151,6152],"class_list":{"0":"post-32144","1":"product","2":"type-product","3":"status-publish","4":"has-post-thumbnail","6":"product_cat-horeca-vaikeseadmed-outlet","7":"product_cat-supimarmiidid","8":"product_tag-supipada","9":"product_tag-supipott","10":"pa_kaubamark-bartscher","12":"first","13":"instock","14":"sale","15":"shipping-taxable","16":"purchasable","17":"product-type-simple"},"acf":[],"_links":{"self":[{"href":"https:\/\/farwell.ee\/ru\/wp-json\/wp\/v2\/product\/32144","targetHints":{"allow":["GET"]}}],"collection":[{"href":"https:\/\/farwell.ee\/ru\/wp-json\/wp\/v2\/product"}],"about":[{"href":"https:\/\/farwell.ee\/ru\/wp-json\/wp\/v2\/types\/product"}],"wp:featuredmedia":[{"embeddable":true,"href":"https:\/\/farwell.ee\/ru\/wp-json\/wp\/v2\/media\/36102"}],"wp:attachment":[{"href":"https:\/\/farwell.ee\/ru\/wp-json\/wp\/v2\/media?parent=32144"}],"wp:term":[{"taxonomy":"product_brand","embeddable":true,"href":"https:\/\/farwell.ee\/ru\/wp-json\/wp\/v2\/product_brand?post=32144"},{"taxonomy":"product_cat","embeddable":true,"href":"https:\/\/farwell.ee\/ru\/wp-json\/wp\/v2\/product_cat?post=32144"},{"taxonomy":"product_tag","embeddable":true,"href":"https:\/\/farwell.ee\/ru\/wp-json\/wp\/v2\/product_tag?post=32144"}],"curies":[{"name":"wp","href":"https:\/\/api.w.org\/{rel}","templated":true}]}}