{"id":32118,"date":"2025-02-04T15:30:03","date_gmt":"2025-02-04T13:30:03","guid":{"rendered":"https:\/\/farwell.ee\/toode\/loikelaua-komplekt-60x40cm-6-vahetatava-pealismatiga-pro\/"},"modified":"2026-04-15T17:30:13","modified_gmt":"2026-04-15T14:30:13","slug":"loikelaua-komplekt-60x40cm-6-vahetatava-pealismatiga-pro","status":"publish","type":"product","link":"https:\/\/farwell.ee\/ru\/product\/loikelaua-komplekt-60x40cm-6-vahetatava-pealismatiga-pro\/","title":{"rendered":"L\u00f5ikelaua komplekt 60x40cm, 6. vahetatava pealismatiga Pro"},"content":{"rendered":"","protected":false},"excerpt":{"rendered":"<p>60x40cm m\u00f5\u00f5duga l\u00f5ikelaua komplekt vahetatavate pealismattidega.<br \/>\nProfboard\u00b4i l\u00f5ikelaua komplekti on lihtne kasutada ja see s\u00e4\u00e4stab teie k\u00f6\u00f6gis ruumi.<br \/>\nKoost\u00f6\u00f6s kokkadega disainitud Profboard koosneb l\u00f5ikelauast ja vahetatavatest v\u00e4rvikoodiga (HACCP) l\u00f5ikemattidest, millel on geniaalne kinnitus ehk klikis\u00fcsteem.<\/p>","protected":false},"featured_media":32132,"template":"","meta":{"_acf_changed":false,"inline_featured_image":false},"product_brand":[],"product_cat":[146],"product_tag":[],"class_list":{"0":"post-32118","1":"product","2":"type-product","3":"status-publish","4":"has-post-thumbnail","6":"product_cat-loikelauad","7":"pa_kaubamark-profboard","9":"first","10":"instock","11":"shipping-taxable","12":"purchasable","13":"product-type-simple"},"acf":[],"_links":{"self":[{"href":"https:\/\/farwell.ee\/ru\/wp-json\/wp\/v2\/product\/32118","targetHints":{"allow":["GET"]}}],"collection":[{"href":"https:\/\/farwell.ee\/ru\/wp-json\/wp\/v2\/product"}],"about":[{"href":"https:\/\/farwell.ee\/ru\/wp-json\/wp\/v2\/types\/product"}],"wp:featuredmedia":[{"embeddable":true,"href":"https:\/\/farwell.ee\/ru\/wp-json\/wp\/v2\/media\/32132"}],"wp:attachment":[{"href":"https:\/\/farwell.ee\/ru\/wp-json\/wp\/v2\/media?parent=32118"}],"wp:term":[{"taxonomy":"product_brand","embeddable":true,"href":"https:\/\/farwell.ee\/ru\/wp-json\/wp\/v2\/product_brand?post=32118"},{"taxonomy":"product_cat","embeddable":true,"href":"https:\/\/farwell.ee\/ru\/wp-json\/wp\/v2\/product_cat?post=32118"},{"taxonomy":"product_tag","embeddable":true,"href":"https:\/\/farwell.ee\/ru\/wp-json\/wp\/v2\/product_tag?post=32118"}],"curies":[{"name":"wp","href":"https:\/\/api.w.org\/{rel}","templated":true}]}}