{"id":31980,"date":"2025-01-28T09:00:03","date_gmt":"2025-01-28T07:00:03","guid":{"rendered":"https:\/\/farwell.ee\/toode\/praepann-28cm-valtsitud-susinikterasest-igale-pliidituubile-2\/"},"modified":"2026-04-17T16:15:04","modified_gmt":"2026-04-17T13:15:04","slug":"praepann-28cm-valtsitud-susinikterasest-igale-pliidituubile-2","status":"publish","type":"product","link":"https:\/\/farwell.ee\/ru\/product\/praepann-28cm-valtsitud-susinikterasest-igale-pliidituubile-2\/","title":{"rendered":"Praepann 28cm valtsitud s\u00fcsinikterasest, igale pliidit\u00fc\u00fcbile"},"content":{"rendered":"","protected":false},"excerpt":{"rendered":"<p>K\u00e4epide kinnitatud 3-e neediga.<\/p>\n<p>S\u00fcsinikterasest e. rauast pann on suurep\u00e4rane praadimisn\u00f5u ja ideaalne alternatiiv sisekatetega pannidele, sest ta on kauakestev.<br \/>\nPanni omadused iga kasutamisega paranevad, kuid see eeldab regulaarset kasutust ja \u00f5iget hooldust.<\/p>\n<p>Eelk\u00f5ige peab uuele pannile tegema korraliku rasvp\u00f5letuse. Selleks on parim vahend searasv.<br \/>\nM\u00e4\u00e4rige panni sisepind searasvaga ja kuumutage pliidil v\u00f5i ahjus 5-10 min. k\u00f5rge kuumusega.<br \/>\nSeej\u00e4rel p\u00fchkige paberiga liigne rasv \u00e4ra ja kuumutage veel panni 20 min.<br \/>\nLaske pannil rahulikult maha jahtuda , seej\u00e4rel peske pann puhtaks ja alustage kasutamist.<\/p>\n<p>Panni sisepinnale tekib must looduslik nakkumatu kiht, mille nimi on paatina.<br \/>\nMida paremini on rasv n\u00f5usse imendunud, seda paremad on praadimisomadused.<\/p>\n<p>Kui poorid rasvast t\u00fchjenevad, n\u00e4iteks liiga t\u00f5husa pesemise tulemusena, k\u00f5rbeb toit p\u00f5hja, kuid n\u00f5ud on kerge nn. rasvap\u00f5letamise abil uuesti t\u00f6\u00f6korda seada.<br \/>\nRaudpann talub karmi kohtlemist, isegi metallpraelabida kasutamist ja talub ka v\u00e4ga k\u00f5rgeid temperatuure.<\/p>\n<p><a href=\"https:\/\/farwell.ee\/ru\/blog\/kuidas-valida-panni-osa-1-raudpannid\/\">Tutvu ka valtsitud s\u00fcsinikterasest pannide ehk raudpannide blogiga<\/a><\/p>","protected":false},"featured_media":31979,"template":"","meta":{"_acf_changed":false,"inline_featured_image":false},"product_brand":[],"product_cat":[152],"product_tag":[6143,6145],"class_list":{"0":"post-31980","1":"product","2":"type-product","3":"status-publish","4":"has-post-thumbnail","6":"product_cat-pannid","7":"product_tag-praadimispann","8":"product_tag-praepann","9":"pa_kaubamark-paderno","11":"first","12":"instock","13":"shipping-taxable","14":"purchasable","15":"product-type-simple"},"acf":[],"_links":{"self":[{"href":"https:\/\/farwell.ee\/ru\/wp-json\/wp\/v2\/product\/31980","targetHints":{"allow":["GET"]}}],"collection":[{"href":"https:\/\/farwell.ee\/ru\/wp-json\/wp\/v2\/product"}],"about":[{"href":"https:\/\/farwell.ee\/ru\/wp-json\/wp\/v2\/types\/product"}],"wp:featuredmedia":[{"embeddable":true,"href":"https:\/\/farwell.ee\/ru\/wp-json\/wp\/v2\/media\/31979"}],"wp:attachment":[{"href":"https:\/\/farwell.ee\/ru\/wp-json\/wp\/v2\/media?parent=31980"}],"wp:term":[{"taxonomy":"product_brand","embeddable":true,"href":"https:\/\/farwell.ee\/ru\/wp-json\/wp\/v2\/product_brand?post=31980"},{"taxonomy":"product_cat","embeddable":true,"href":"https:\/\/farwell.ee\/ru\/wp-json\/wp\/v2\/product_cat?post=31980"},{"taxonomy":"product_tag","embeddable":true,"href":"https:\/\/farwell.ee\/ru\/wp-json\/wp\/v2\/product_tag?post=31980"}],"curies":[{"name":"wp","href":"https:\/\/api.w.org\/{rel}","templated":true}]}}