{"id":31876,"date":"2025-01-15T11:45:04","date_gmt":"2025-01-15T09:45:04","guid":{"rendered":"https:\/\/farwell.ee\/toode\/joogitermos-15l-kraaniga\/"},"modified":"2025-12-17T11:15:09","modified_gmt":"2025-12-17T09:15:09","slug":"joogitermos-15l-kraaniga","status":"publish","type":"product","link":"https:\/\/farwell.ee\/ru\/product\/joogitermos-15l-kraaniga\/","title":{"rendered":"Joogitermos 15L kraaniga"},"content":{"rendered":"","protected":false},"excerpt":{"rendered":"<p>M\u00f5eldud toitlustusettev\u00f5tetele toidu ja vedelike soojana hoidmiseks.<br \/>\nSeinte vaheline ruum on t\u00e4idetud spetsiaalse isolatsioonimaterjaliga, mis tagab toidu temperatuuri s\u00e4ilimise 6-8 tundi.<br \/>\nTermose kaas ja korpus on valmistatud AISI 430 terasest, paksus 0,8 mm, matistatud pinnaga.<br \/>\nTermose sisemus on 0,8 mm paksusest roostevabast terasest AISI 304.<br \/>\nTermose sisemus on valmistatud poleeritud terasest, kaane sisemus on matistatud pinnaga.<br \/>\nKaks ergonoomilist k\u00e4epidet, mis on kinnitatud \u00fcheksa punktkeevitusega turvaliseks k\u00e4sitsemiseks.<br \/>\nIsoleeritud kaas k\u00e4epidemega ja suur ventilatsiooniava lihtsaks avamiseks.<br \/>\nPaks silikoonist tihend, eemaldatav parema h\u00fcgieeni tagamiseks.<br \/>\nKaas sulgub 6. klamberkinnitusega.<br \/>\nRoostevabast terasest kraan, millel on v\u00e4ljalaskeava 45 mm k\u00f5rgusel.<br \/>\nTermose p\u00f5hi on varustatud kruvidega kinnitatud musta kummist \u00e4\u00e4risega, mis lihtsustab termose virnastamist ja kaitseb samal ajal l\u00f6\u00f6kide eest.<br \/>\nErinevate mudelite virnastatavus kuni 35 L ulatuses.<br \/>\nLadustatav.<\/p>","protected":false},"featured_media":37427,"template":"","meta":{"_acf_changed":false,"inline_featured_image":false},"product_brand":[],"product_cat":[5553],"product_tag":[],"class_list":{"0":"post-31876","1":"product","2":"type-product","3":"status-publish","4":"has-post-thumbnail","6":"product_cat-joogitermosed-ja-toidutermosed","7":"pa_kaubamark-hendi","9":"first","10":"outofstock","11":"shipping-taxable","12":"purchasable","13":"product-type-simple"},"acf":[],"_links":{"self":[{"href":"https:\/\/farwell.ee\/ru\/wp-json\/wp\/v2\/product\/31876","targetHints":{"allow":["GET"]}}],"collection":[{"href":"https:\/\/farwell.ee\/ru\/wp-json\/wp\/v2\/product"}],"about":[{"href":"https:\/\/farwell.ee\/ru\/wp-json\/wp\/v2\/types\/product"}],"wp:featuredmedia":[{"embeddable":true,"href":"https:\/\/farwell.ee\/ru\/wp-json\/wp\/v2\/media\/37427"}],"wp:attachment":[{"href":"https:\/\/farwell.ee\/ru\/wp-json\/wp\/v2\/media?parent=31876"}],"wp:term":[{"taxonomy":"product_brand","embeddable":true,"href":"https:\/\/farwell.ee\/ru\/wp-json\/wp\/v2\/product_brand?post=31876"},{"taxonomy":"product_cat","embeddable":true,"href":"https:\/\/farwell.ee\/ru\/wp-json\/wp\/v2\/product_cat?post=31876"},{"taxonomy":"product_tag","embeddable":true,"href":"https:\/\/farwell.ee\/ru\/wp-json\/wp\/v2\/product_tag?post=31876"}],"curies":[{"name":"wp","href":"https:\/\/api.w.org\/{rel}","templated":true}]}}