{"id":31774,"date":"2025-01-08T10:30:04","date_gmt":"2025-01-08T08:30:04","guid":{"rendered":"https:\/\/farwell.ee\/toode\/tomati-voi-tsitrusviljade-sektorloikur\/"},"modified":"2025-09-17T17:00:03","modified_gmt":"2025-09-17T14:00:03","slug":"tomati-voi-tsitrusviljade-sektorloikur","status":"publish","type":"product","link":"https:\/\/farwell.ee\/ru\/product\/tomati-voi-tsitrusviljade-sektorloikur\/","title":{"rendered":"Tomati- v\u00f5i tsitrusviljade sektorl\u00f5ikur 4-sektoriks"},"content":{"rendered":"","protected":false},"excerpt":{"rendered":"<p>Manuaalne sektorl\u00f5ikur tomatite, tsitruseliste ja muude puuviljade l\u00f5ikamiseks neljaks sektoriks ehk segmendiks.<\/p>\n<p>Alumiiniumist statiivil on 3 stabiilsust tagavat imipatja ja 2 roostevabast terasest juhtvarrast, alumiiniumist t\u00f5ukur ja roostevabast terasest teradega l\u00f5ikeplokk.<br \/>\nK\u00f5ik elemendid on kergesti eemaldatavad, et neid k\u00e4sitsi voolava vee all puhtaks pesta.<br \/>\nMasinpesu ei ole lubatud !<\/p>\n<p>T\u00f5ukur ja l\u00f5ikeplokk on vahetatavad, kuid need tuleb korralikult kombineerida.<br \/>\nNende kooniline kuju aitab vilja tsentreerida, et saada identsed segmendid.<br \/>\nTarnitakse 1 restiga 4 portsjoni jaoks ja 1 surveplokiga 4\/8 portsjoni jaoks.<\/p>","protected":false},"featured_media":31815,"template":"","meta":{"_acf_changed":false,"inline_featured_image":false},"product_brand":[],"product_cat":[163],"product_tag":[10417,10418,10419,10420],"class_list":{"0":"post-31774","1":"product","2":"type-product","3":"status-publish","4":"has-post-thumbnail","6":"product_cat-riivid-koorijad-ja-pureestajad","7":"product_tag-koogiviljaloikur","8":"product_tag-sektorloikur","9":"product_tag-tomatiloikur","10":"product_tag-tsitrusloikur","11":"pa_kaubamark-dito-sama","13":"first","14":"outofstock","15":"shipping-taxable","16":"purchasable","17":"product-type-simple"},"acf":[],"_links":{"self":[{"href":"https:\/\/farwell.ee\/ru\/wp-json\/wp\/v2\/product\/31774","targetHints":{"allow":["GET"]}}],"collection":[{"href":"https:\/\/farwell.ee\/ru\/wp-json\/wp\/v2\/product"}],"about":[{"href":"https:\/\/farwell.ee\/ru\/wp-json\/wp\/v2\/types\/product"}],"wp:featuredmedia":[{"embeddable":true,"href":"https:\/\/farwell.ee\/ru\/wp-json\/wp\/v2\/media\/31815"}],"wp:attachment":[{"href":"https:\/\/farwell.ee\/ru\/wp-json\/wp\/v2\/media?parent=31774"}],"wp:term":[{"taxonomy":"product_brand","embeddable":true,"href":"https:\/\/farwell.ee\/ru\/wp-json\/wp\/v2\/product_brand?post=31774"},{"taxonomy":"product_cat","embeddable":true,"href":"https:\/\/farwell.ee\/ru\/wp-json\/wp\/v2\/product_cat?post=31774"},{"taxonomy":"product_tag","embeddable":true,"href":"https:\/\/farwell.ee\/ru\/wp-json\/wp\/v2\/product_tag?post=31774"}],"curies":[{"name":"wp","href":"https:\/\/api.w.org\/{rel}","templated":true}]}}