{"id":31711,"date":"2024-12-19T18:30:04","date_gmt":"2024-12-19T16:30:04","guid":{"rendered":"https:\/\/farwell.ee\/toode\/supimarmiit-8l-elektiline\/"},"modified":"2026-01-09T11:00:05","modified_gmt":"2026-01-09T09:00:05","slug":"supimarmiit-8l-elektiline","status":"publish","type":"product","link":"https:\/\/farwell.ee\/ru\/product\/supimarmiit-8l-elektiline\/","title":{"rendered":"Supimarmiit 8L elektriline, v\u00f5imsus 450W"},"content":{"rendered":"","protected":false},"excerpt":{"rendered":"<p>Soojusisolatsioon v\u00e4hendab energiatarbimist ja hoiab v\u00e4lise korpuse jahedana.<br \/>\nTemperatuuri reguleerimine +65\u00b0C kuni +95\u00b0C\u00a0 1\u00b0sammuga.<br \/>\nEnergiatarbimise v\u00e4hendamine kuni 30%.<br \/>\nDigitaalne juhtpaneel ekraaniga, mis n\u00e4itab vaheldumisi seatud temperatuuri ja tegelikku supitemperatuuri.<br \/>\nTugevast l\u00e4bipaistvast pol\u00fckarbonaadist eemaldatav kaas.<br \/>\nKaas isoleeritud k\u00e4epideme ja kulbi s\u00fcvendiga.<br \/>\nAlumiiniumist veepann t\u00f5husaks soojus\u00fclekandeks.<br \/>\nToidupann 18\/8 roostevabast terasest.<br \/>\nKorpus pol\u00fcprop\u00fcleenist.<br \/>\nR\u00f5ngas v\u00f5imaldab toidupanni ohutult ja lihtsalt eemaldada.<br \/>\n\u00dclekuumenemiskaitse \u2013 madala veetaseme alarmiga.<br \/>\nSupi nimekaardi hoidik kaanes.<\/p>","protected":false},"featured_media":31780,"template":"","meta":{"_acf_changed":false,"inline_featured_image":false},"product_brand":[],"product_cat":[5589],"product_tag":[6151,6152],"class_list":{"0":"post-31711","1":"product","2":"type-product","3":"status-publish","4":"has-post-thumbnail","6":"product_cat-supimarmiidid","7":"product_tag-supipada","8":"product_tag-supipott","9":"pa_kaubamark-hendi","11":"first","12":"outofstock","13":"shipping-taxable","14":"purchasable","15":"product-type-simple"},"acf":[],"_links":{"self":[{"href":"https:\/\/farwell.ee\/ru\/wp-json\/wp\/v2\/product\/31711","targetHints":{"allow":["GET"]}}],"collection":[{"href":"https:\/\/farwell.ee\/ru\/wp-json\/wp\/v2\/product"}],"about":[{"href":"https:\/\/farwell.ee\/ru\/wp-json\/wp\/v2\/types\/product"}],"wp:featuredmedia":[{"embeddable":true,"href":"https:\/\/farwell.ee\/ru\/wp-json\/wp\/v2\/media\/31780"}],"wp:attachment":[{"href":"https:\/\/farwell.ee\/ru\/wp-json\/wp\/v2\/media?parent=31711"}],"wp:term":[{"taxonomy":"product_brand","embeddable":true,"href":"https:\/\/farwell.ee\/ru\/wp-json\/wp\/v2\/product_brand?post=31711"},{"taxonomy":"product_cat","embeddable":true,"href":"https:\/\/farwell.ee\/ru\/wp-json\/wp\/v2\/product_cat?post=31711"},{"taxonomy":"product_tag","embeddable":true,"href":"https:\/\/farwell.ee\/ru\/wp-json\/wp\/v2\/product_tag?post=31711"}],"curies":[{"name":"wp","href":"https:\/\/api.w.org\/{rel}","templated":true}]}}