{"id":31677,"date":"2024-12-16T14:15:04","date_gmt":"2024-12-16T12:15:04","guid":{"rendered":"https:\/\/farwell.ee\/toode\/taldrik-39cm-waves-of-noblessner-by-chef-matthias-diether\/"},"modified":"2026-02-19T14:30:09","modified_gmt":"2026-02-19T12:30:09","slug":"taldrik-39cm-waves-of-noblessner-by-chef-matthias-diether","status":"publish","type":"product","link":"https:\/\/farwell.ee\/ru\/product\/taldrik-39cm-waves-of-noblessner-by-chef-matthias-diether\/","title":{"rendered":"Taldrik 39cm Waves of Noblessner by Chef Matthias Diether"},"content":{"rendered":"","protected":false},"excerpt":{"rendered":"<p>Maineka Saksamaa p\u00e4ritoluga Eesti peakoka Matthias Diether\u00b4i disainitud fine-dine lauan\u00f5u.<\/p>\n<p>Ainulaadne keskkond Noblessneris, mis asub L\u00e4\u00e4nemere kaldal, inspireeris Matthiast looma taldriku \u201eNoblessneri lained\u201d.<br \/>\nTaldriku kuju j\u00e4ljendab l\u00e4bi restorani akende paistvaid \u00f5rnu laineid, mis liiguvad r\u00fctmiliselt ja rahustavalt edasi-tagasi.<br \/>\nAs\u00fcmmeetrilise kujuga glasuuritud pinnaga serveerimisala \u00fcmbritseb mati pinnat\u00f6\u00f6tlusega reljeefne lai serv, mis on nagu lummav saar inspiratsioonimeres.<\/p>\n<p>Alumise foto autor: Lauri Laan, restoran 180Degrees, Matthias Dietheri roog<\/p>","protected":false},"featured_media":31674,"template":"","meta":{"_acf_changed":false,"inline_featured_image":false},"product_brand":[],"product_cat":[176],"product_tag":[],"class_list":{"0":"post-31677","1":"product","2":"type-product","3":"status-publish","4":"has-post-thumbnail","6":"product_cat-taldrikud","7":"pa_kaubamark-vista-alegre-chefs-collection","9":"first","10":"outofstock","11":"shipping-taxable","12":"purchasable","13":"product-type-simple"},"acf":[],"_links":{"self":[{"href":"https:\/\/farwell.ee\/ru\/wp-json\/wp\/v2\/product\/31677","targetHints":{"allow":["GET"]}}],"collection":[{"href":"https:\/\/farwell.ee\/ru\/wp-json\/wp\/v2\/product"}],"about":[{"href":"https:\/\/farwell.ee\/ru\/wp-json\/wp\/v2\/types\/product"}],"wp:featuredmedia":[{"embeddable":true,"href":"https:\/\/farwell.ee\/ru\/wp-json\/wp\/v2\/media\/31674"}],"wp:attachment":[{"href":"https:\/\/farwell.ee\/ru\/wp-json\/wp\/v2\/media?parent=31677"}],"wp:term":[{"taxonomy":"product_brand","embeddable":true,"href":"https:\/\/farwell.ee\/ru\/wp-json\/wp\/v2\/product_brand?post=31677"},{"taxonomy":"product_cat","embeddable":true,"href":"https:\/\/farwell.ee\/ru\/wp-json\/wp\/v2\/product_cat?post=31677"},{"taxonomy":"product_tag","embeddable":true,"href":"https:\/\/farwell.ee\/ru\/wp-json\/wp\/v2\/product_tag?post=31677"}],"curies":[{"name":"wp","href":"https:\/\/api.w.org\/{rel}","templated":true}]}}